{"id":9596,"date":"2024-10-24T23:19:18","date_gmt":"2024-10-24T20:19:18","guid":{"rendered":"https:\/\/egebaglanti.com.tr\/urun\/stretch-band\/"},"modified":"2024-12-06T13:48:12","modified_gmt":"2024-12-06T10:48:12","slug":"stretch-band","status":"publish","type":"product","link":"https:\/\/egebaglanti.com.tr\/en\/urun\/stretch-band\/","title":{"rendered":"Stretch Film"},"content":{"rendered":"<h1 style=\"text-align: left;\">\u00fcr\u00fcn \u00f6zellikleri<\/h1>\n<p>200 mt 17 mikron<\/p>\n<p>\u00dcr\u00fcn:1,697 kg<\/p>\n<p>masura :0,36 kg<\/p>\n<p>stre\u00e7 :1,337 kg<\/p>\n<p>&nbsp;<\/p>\n","protected":false},"excerpt":{"rendered":"<p>\u00fcr\u00fcn \u00f6zellikleri 200 mt 17 mikron \u00dcr\u00fcn:1,697 kg masura :0,36 kg stre\u00e7 :1,337 kg &nbsp;<\/p>\n","protected":false},"featured_media":7395,"comment_status":"closed","ping_status":"open","template":"","meta":{"inline_featured_image":false},"product_brand":[],"product_cat":[249,275],"product_tag":[],"class_list":{"0":"post-9596","1":"product","2":"type-product","3":"status-publish","4":"has-post-thumbnail","6":"product_cat-hardware-groups-2","7":"product_cat-stretch-film","9":"first","10":"instock","11":"product-type-simple"},"_links":{"self":[{"href":"https:\/\/egebaglanti.com.tr\/en\/wp-json\/wp\/v2\/product\/9596","targetHints":{"allow":["GET"]}}],"collection":[{"href":"https:\/\/egebaglanti.com.tr\/en\/wp-json\/wp\/v2\/product"}],"about":[{"href":"https:\/\/egebaglanti.com.tr\/en\/wp-json\/wp\/v2\/types\/product"}],"replies":[{"embeddable":true,"href":"https:\/\/egebaglanti.com.tr\/en\/wp-json\/wp\/v2\/comments?post=9596"}],"wp:featuredmedia":[{"embeddable":true,"href":"https:\/\/egebaglanti.com.tr\/en\/wp-json\/wp\/v2\/media\/7395"}],"wp:attachment":[{"href":"https:\/\/egebaglanti.com.tr\/en\/wp-json\/wp\/v2\/media?parent=9596"}],"wp:term":[{"taxonomy":"product_brand","embeddable":true,"href":"https:\/\/egebaglanti.com.tr\/en\/wp-json\/wp\/v2\/product_brand?post=9596"},{"taxonomy":"product_cat","embeddable":true,"href":"https:\/\/egebaglanti.com.tr\/en\/wp-json\/wp\/v2\/product_cat?post=9596"},{"taxonomy":"product_tag","embeddable":true,"href":"https:\/\/egebaglanti.com.tr\/en\/wp-json\/wp\/v2\/product_tag?post=9596"}],"curies":[{"name":"wp","href":"https:\/\/api.w.org\/{rel}","templated":true}]}}