{"id":9509,"date":"2024-10-24T23:19:04","date_gmt":"2024-10-24T20:19:04","guid":{"rendered":"https:\/\/egebaglanti.com.tr\/urun\/fivestar-utility-knife\/"},"modified":"2024-10-25T20:59:43","modified_gmt":"2024-10-25T17:59:43","slug":"fivestar-utility-knife","status":"publish","type":"product","link":"https:\/\/egebaglanti.com.tr\/en\/urun\/fivestar-utility-knife\/","title":{"rendered":"Fivestar Utility Knife"},"content":{"rendered":"<div class=\"link-media clearfix\"><\/div>\n<p><a class=\"fancybox4577\" title=\"With 3 Spare Blades\" href=\"http:\/\/www.meridyenas.com.tr\/en\/images\/urunler\/el-aletleri\/maket-bicagi-1.jpg\"><img decoding=\"async\" class=\" src=\" width=\"100\" height=\"75\" border=\"0\" data-original=\"http:\/\/www.meridyenas.com.tr\/en\/images\/urunler\/el-aletleri\/maket-bicagi-1.jpg\" \/><\/a><\/p>\n<table border=\"0\" cellspacing=\"0\" cellpadding=\"0\">\n<colgroup>\n<col width=\"82\" \/>\n<col width=\"264\" \/>\n<col span=\"2\" width=\"60\" \/><\/colgroup>\n<tbody>\n<tr>\n<td class=\"xl66\" width=\"82\" height=\"20\">KOD<\/td>\n<td class=\"xl66\" width=\"264\">C\u0130NS\u0130<\/td>\n<td class=\"xl66\" width=\"60\">B\u0130R\u0130M\u0130<\/td>\n<td class=\"xl66\" width=\"60\">KOL\u0130<\/td>\n<\/tr>\n<tr>\n<td height=\"20\">FSMB003<\/td>\n<td>With 3 Spare Blades<\/td>\n<td class=\"xl67\">Pc<\/td>\n<td class=\"xl65\">192<\/td>\n<\/tr>\n<\/tbody>\n<\/table>\n<p>&nbsp;<\/p>\n<p><a class=\"fancybox3673\" title=\"With 5 Spare Blades - Professional\" href=\"http:\/\/www.meridyenas.com.tr\/en\/images\/urunler\/el-aletleri\/maket-bicagi-2.jpg\"><img decoding=\"async\" class=\" src=\" width=\"100\" height=\"75\" border=\"0\" data-original=\"http:\/\/www.meridyenas.com.tr\/en\/images\/urunler\/el-aletleri\/maket-bicagi-2.jpg\" \/><\/a><\/p>\n<table border=\"0\" cellspacing=\"0\" cellpadding=\"0\">\n<colgroup>\n<col width=\"82\" \/>\n<col width=\"264\" \/>\n<col span=\"2\" width=\"60\" \/><\/colgroup>\n<tbody>\n<tr>\n<td class=\"xl66\" width=\"82\" height=\"20\">KOD<\/td>\n<td class=\"xl66\" width=\"264\">C\u0130NS\u0130<\/td>\n<td class=\"xl66\" width=\"60\">B\u0130R\u0130M\u0130<\/td>\n<td class=\"xl66\" width=\"60\">KOL\u0130<\/td>\n<\/tr>\n<tr>\n<td height=\"20\">FSMB005<\/td>\n<td>With 5 Spare Blades &#8211; Professional<\/td>\n<td class=\"xl67\">Pc<\/td>\n<td class=\"xl65\">36<\/td>\n<\/tr>\n<\/tbody>\n<\/table>\n<p>&nbsp;<\/p>\n<p><a class=\"fancybox5027\" title=\"With 5 Blades - Lux\" href=\"http:\/\/www.meridyenas.com.tr\/en\/images\/urunler\/el-aletleri\/maket-bicagi-3.jpg\"><img decoding=\"async\" class=\" src=\" width=\"100\" height=\"75\" border=\"0\" data-original=\"http:\/\/www.meridyenas.com.tr\/en\/images\/urunler\/el-aletleri\/maket-bicagi-3.jpg\" \/><\/a><\/p>\n<table border=\"0\" cellspacing=\"0\" cellpadding=\"0\">\n<colgroup>\n<col width=\"82\" \/>\n<col width=\"264\" \/>\n<col span=\"2\" width=\"60\" \/><\/colgroup>\n<tbody>\n<tr>\n<td class=\"xl66\" width=\"82\" height=\"20\">CODE<\/td>\n<td class=\"xl66\" width=\"264\">TYPE<\/td>\n<td class=\"xl66\" width=\"60\">UNIT<\/td>\n<td class=\"xl66\" width=\"60\">BOX<\/td>\n<\/tr>\n<tr>\n<td height=\"20\">FSMB005L<\/td>\n<td>With 5 Blades &#8211; Lux<\/td>\n<td class=\"xl67\">Pc<\/td>\n<td class=\"xl65\">96<\/td>\n<\/tr>\n<\/tbody>\n<\/table>\n<p>&nbsp;<\/p>\n<p><a class=\"fancybox8973\" title=\"With 1 Spare Blades (manual)\" href=\"http:\/\/www.meridyenas.com.tr\/en\/images\/urunler\/el-aletleri\/maket-bicagi-4.jpg\"><img loading=\"lazy\" decoding=\"async\" class=\" src=\" width=\"100\" height=\"75\" border=\"0\" data-original=\"http:\/\/www.meridyenas.com.tr\/en\/images\/urunler\/el-aletleri\/maket-bicagi-4.jpg\" \/><\/a><\/p>\n<table border=\"0\" cellspacing=\"0\" cellpadding=\"0\">\n<colgroup>\n<col width=\"82\" \/>\n<col width=\"264\" \/>\n<col span=\"2\" width=\"60\" \/><\/colgroup>\n<tbody>\n<tr>\n<td class=\"xl66\" width=\"82\" height=\"20\">CODE<\/td>\n<td class=\"xl66\" width=\"264\">TYPE<\/td>\n<td class=\"xl66\" width=\"60\">UNIT<\/td>\n<td class=\"xl66\" width=\"60\">BOX<\/td>\n<\/tr>\n<tr>\n<td height=\"20\">FSMB107<\/td>\n<td>With 1 Spare Blades (manual)<\/td>\n<td class=\"xl67\">Pc<\/td>\n<td class=\"xl65\">144<\/td>\n<\/tr>\n<\/tbody>\n<\/table>\n<p>&nbsp;<\/p>\n<p><a class=\"fancybox7286\" title=\"With 1 Spare Blades (break)\" href=\"http:\/\/www.meridyenas.com.tr\/en\/images\/urunler\/el-aletleri\/maket-bicagi-5.jpg\"><img loading=\"lazy\" decoding=\"async\" class=\" src=\" width=\"100\" height=\"75\" border=\"0\" data-original=\"http:\/\/www.meridyenas.com.tr\/en\/images\/urunler\/el-aletleri\/maket-bicagi-5.jpg\" \/><\/a><\/p>\n<table border=\"0\" cellspacing=\"0\" cellpadding=\"0\">\n<colgroup>\n<col width=\"82\" \/>\n<col width=\"264\" \/>\n<col span=\"2\" width=\"60\" \/><\/colgroup>\n<tbody>\n<tr>\n<td class=\"xl66\" width=\"82\" height=\"20\">CODE<\/td>\n<td class=\"xl66\" width=\"264\">TYPE<\/td>\n<td class=\"xl66\" width=\"60\">UNIT<\/td>\n<td class=\"xl66\" width=\"60\">BOX<\/td>\n<\/tr>\n<tr>\n<td height=\"20\">FSMB108<\/td>\n<td>With 1 Spare Blades (break)<\/td>\n<td class=\"xl67\">Pc<\/td>\n<td class=\"xl65\">216<\/td>\n<\/tr>\n<\/tbody>\n<\/table>\n<p>&nbsp;<\/p>\n<p><a class=\"fancybox292\" title=\"With 1 Spare Blades Plastic\" href=\"http:\/\/www.meridyenas.com.tr\/en\/images\/urunler\/el-aletleri\/maket-bicagi-6.jpg\"><img loading=\"lazy\" decoding=\"async\" class=\" src=\" width=\"100\" height=\"75\" border=\"0\" data-original=\"http:\/\/www.meridyenas.com.tr\/en\/images\/urunler\/el-aletleri\/maket-bicagi-6.jpg\" \/><\/a><\/p>\n<table border=\"0\" cellspacing=\"0\" cellpadding=\"0\">\n<colgroup>\n<col width=\"82\" \/>\n<col width=\"264\" \/>\n<col span=\"2\" width=\"60\" \/><\/colgroup>\n<tbody>\n<tr>\n<td class=\"xl66\" width=\"82\" height=\"20\">CODE<\/td>\n<td class=\"xl66\" width=\"264\">TYPE<\/td>\n<td class=\"xl66\" width=\"60\">UNIT<\/td>\n<td class=\"xl66\" width=\"60\">BOX<\/td>\n<\/tr>\n<tr>\n<td height=\"20\">FSMB109<\/td>\n<td>With 1 Spare Blades Plastic<\/td>\n<td class=\"xl67\">Pc<\/td>\n<td class=\"xl65\">192<\/td>\n<\/tr>\n<\/tbody>\n<\/table>\n<p>&nbsp;<\/p>\n<p><a class=\"fancybox9386\" title=\"Utility Knife Spare Blade 10 pcs\/box\" href=\"http:\/\/www.meridyenas.com.tr\/en\/images\/urunler\/el-aletleri\/maket-bicagi-7.jpg\"><img loading=\"lazy\" decoding=\"async\" class=\" src=\" width=\"100\" height=\"75\" border=\"0\" data-original=\"http:\/\/www.meridyenas.com.tr\/en\/images\/urunler\/el-aletleri\/maket-bicagi-7.jpg\" \/><\/a><\/p>\n<table border=\"0\" cellspacing=\"0\" cellpadding=\"0\">\n<colgroup>\n<col width=\"82\" \/>\n<col width=\"264\" \/>\n<col span=\"2\" width=\"60\" \/><\/colgroup>\n<tbody>\n<tr>\n<td class=\"xl66\" width=\"82\" height=\"20\">CODE<\/td>\n<td class=\"xl66\" width=\"264\">TYPE<\/td>\n<td class=\"xl66\" width=\"60\">UNIT<\/td>\n<td class=\"xl66\" width=\"60\">BOX<\/td>\n<\/tr>\n<tr>\n<td height=\"20\">FSMBY01<\/td>\n<td>Utility Knife Spare Blade 10 pcs\/box<\/td>\n<td class=\"xl67\">Pc<\/td>\n<td class=\"xl65\">3.000<\/td>\n<\/tr>\n<\/tbody>\n<\/table>\n<p>&nbsp;<\/p>\n<p><a class=\"fancybox3429\" title=\"Utility Knife Spare Blade - Lux 10 pcs\/box\" href=\"http:\/\/www.meridyenas.com.tr\/en\/images\/urunler\/el-aletleri\/maket-bicagi-8.jpg\"><img loading=\"lazy\" decoding=\"async\" class=\" src=\" width=\"100\" height=\"75\" border=\"0\" data-original=\"http:\/\/www.meridyenas.com.tr\/en\/images\/urunler\/el-aletleri\/maket-bicagi-8.jpg\" \/><\/a><\/p>\n<table border=\"0\" cellspacing=\"0\" cellpadding=\"0\">\n<colgroup>\n<col width=\"82\" \/>\n<col width=\"264\" \/>\n<col span=\"2\" width=\"60\" \/><\/colgroup>\n<tbody>\n<tr>\n<td class=\"xl66\" width=\"82\" height=\"20\">CODE<\/td>\n<td class=\"xl66\" width=\"264\">TYPE<\/td>\n<td class=\"xl66\" width=\"60\">UNIT<\/td>\n<td class=\"xl66\" width=\"60\">BOX<\/td>\n<\/tr>\n<tr>\n<td height=\"20\">FSMBY02<\/td>\n<td>Utility Knife Spare Blade &#8211; Lux 10 pcs\/box<\/td>\n<td class=\"xl67\">Pc<\/td>\n<td class=\"xl65\">3.000<\/td>\n<\/tr>\n<\/tbody>\n<\/table>\n<p>&nbsp;<\/p>\n<p>&nbsp;<\/p>\n<p>&nbsp;<\/p>\n<p>&nbsp;<\/p>\n<p>&nbsp;<\/p>\n","protected":false},"excerpt":{"rendered":"<p>KOD C\u0130NS\u0130 B\u0130R\u0130M\u0130 KOL\u0130 FSMB003 With 3 Spare Blades Pc 192 &nbsp; KOD C\u0130NS\u0130 B\u0130R\u0130M\u0130 KOL\u0130 FSMB005 With 5 Spare Blades &#8211; Professional Pc 36 &nbsp; CODE TYPE UNIT BOX FSMB005L With 5 Blades &#8211; Lux Pc 96 &nbsp; CODE TYPE UNIT BOX FSMB107 With 1 Spare Blades (manual) Pc<\/p>\n","protected":false},"featured_media":6422,"comment_status":"closed","ping_status":"open","template":"","meta":{"inline_featured_image":false},"product_brand":[],"product_cat":[251,249],"product_tag":[],"class_list":{"0":"post-9509","1":"product","2":"type-product","3":"status-publish","4":"has-post-thumbnail","6":"product_cat-hand-tools-hardware-groups-2","7":"product_cat-hardware-groups-2","9":"first","10":"instock","11":"product-type-simple"},"_links":{"self":[{"href":"https:\/\/egebaglanti.com.tr\/en\/wp-json\/wp\/v2\/product\/9509","targetHints":{"allow":["GET"]}}],"collection":[{"href":"https:\/\/egebaglanti.com.tr\/en\/wp-json\/wp\/v2\/product"}],"about":[{"href":"https:\/\/egebaglanti.com.tr\/en\/wp-json\/wp\/v2\/types\/product"}],"replies":[{"embeddable":true,"href":"https:\/\/egebaglanti.com.tr\/en\/wp-json\/wp\/v2\/comments?post=9509"}],"wp:featuredmedia":[{"embeddable":true,"href":"https:\/\/egebaglanti.com.tr\/en\/wp-json\/wp\/v2\/media\/6422"}],"wp:attachment":[{"href":"https:\/\/egebaglanti.com.tr\/en\/wp-json\/wp\/v2\/media?parent=9509"}],"wp:term":[{"taxonomy":"product_brand","embeddable":true,"href":"https:\/\/egebaglanti.com.tr\/en\/wp-json\/wp\/v2\/product_brand?post=9509"},{"taxonomy":"product_cat","embeddable":true,"href":"https:\/\/egebaglanti.com.tr\/en\/wp-json\/wp\/v2\/product_cat?post=9509"},{"taxonomy":"product_tag","embeddable":true,"href":"https:\/\/egebaglanti.com.tr\/en\/wp-json\/wp\/v2\/product_tag?post=9509"}],"curies":[{"name":"wp","href":"https:\/\/api.w.org\/{rel}","templated":true}]}}