{"id":9503,"date":"2024-10-24T23:19:04","date_gmt":"2024-10-24T20:19:04","guid":{"rendered":"https:\/\/egebaglanti.com.tr\/urun\/fivestar-aluminium-spirit-levels\/"},"modified":"2024-10-25T20:55:25","modified_gmt":"2024-10-25T17:55:25","slug":"fivestar-aluminium-spirit-levels","status":"publish","type":"product","link":"https:\/\/egebaglanti.com.tr\/en\/urun\/fivestar-aluminium-spirit-levels\/","title":{"rendered":"Fivestar Aluminium Spirit Levels"},"content":{"rendered":"<p><a class=\"fancybox2956\" title=\"Al\u00fcminyum Sar\u0131 Su Terazisi\" href=\"http:\/\/www.meridyenas.com.tr\/images\/urunler\/el-aletleri\/su-terazisi-1.jpg\"><img decoding=\"async\" class=\" title=\" src=\"http:\/\/www.meridyenas.com.tr\/images\/urunler\/el-aletleri\/su-terazisi-1.jpg\" alt=\"Su Terazisi\" width=\"100\" height=\"75\" border=\"0\" data-original=\"http:\/\/www.meridyenas.com.tr\/images\/urunler\/el-aletleri\/su-terazisi-1.jpg\" \/><\/a><\/p>\n<table border=\"0\" cellspacing=\"0\" cellpadding=\"0\">\n<colgroup>\n<col width=\"81\" \/>\n<col width=\"201\" \/>\n<col span=\"3\" width=\"61\" \/><\/colgroup>\n<tbody>\n<tr>\n<td class=\"xl65\" width=\"81\" height=\"20\"><strong>CODE<\/strong><\/td>\n<td class=\"xl65\" width=\"201\"><strong>TYPE<\/strong><\/td>\n<td class=\"xl66\" width=\"61\"><strong>UNIT<\/strong><\/td>\n<td class=\"xl66\" width=\"61\"><strong>SIZE<\/strong><\/td>\n<td class=\"xl66\" width=\"61\"><strong>BOX<\/strong><\/td>\n<\/tr>\n<tr>\n<td height=\"20\">FSTS0400<\/td>\n<td>Yellow Aluminium Spirit Levels<\/td>\n<td class=\"xl67\">Pc<\/td>\n<td class=\"xl67\">40 cm<\/td>\n<td class=\"xl67\">48<\/td>\n<\/tr>\n<tr>\n<td height=\"20\">FSTS0500<\/td>\n<td>Yellow Aluminium Spirit Levels<\/td>\n<td class=\"xl67\">Pc<\/td>\n<td class=\"xl67\">50 cm<\/td>\n<td class=\"xl67\">48<\/td>\n<\/tr>\n<tr>\n<td height=\"20\">FSTS0600<\/td>\n<td>Yellow Aluminium Spirit Levels<\/td>\n<td class=\"xl67\">Pc<\/td>\n<td class=\"xl67\">60 cm<\/td>\n<td class=\"xl67\">48<\/td>\n<\/tr>\n<tr>\n<td height=\"20\">FSTS0700<\/td>\n<td>Yellow Aluminium Spirit Levels<\/td>\n<td class=\"xl67\">Pc<\/td>\n<td class=\"xl67\">70 cm<\/td>\n<td class=\"xl67\">48<\/td>\n<\/tr>\n<tr>\n<td height=\"20\">FSTS0800<\/td>\n<td>Yellow Aluminium Spirit Levels<\/td>\n<td class=\"xl67\">Pc<\/td>\n<td class=\"xl67\">80 cm<\/td>\n<td class=\"xl67\">48<\/td>\n<\/tr>\n<tr>\n<td height=\"20\">FSTS1000<\/td>\n<td>Yellow Aluminium Spirit Levels<\/td>\n<td class=\"xl67\">Pc<\/td>\n<td class=\"xl67\">100 cm<\/td>\n<td class=\"xl67\">48<\/td>\n<\/tr>\n<\/tbody>\n<\/table>\n<p><a class=\"fancybox3334\" title=\"Al\u00fcminyum Gri Su Terazisi\" href=\"http:\/\/www.meridyenas.com.tr\/images\/urunler\/el-aletleri\/su-terazisi-2.jpg\"><img decoding=\"async\" class=\" title=\" src=\"http:\/\/www.meridyenas.com.tr\/images\/urunler\/el-aletleri\/su-terazisi-2.jpg\" alt=\"Al\u00fcminyum Gri Su Terazisi\" width=\"100\" height=\"75\" border=\"0\" data-original=\"http:\/\/www.meridyenas.com.tr\/images\/urunler\/el-aletleri\/su-terazisi-2.jpg\" \/><\/a><\/p>\n<table border=\"0\" cellspacing=\"0\" cellpadding=\"0\">\n<colgroup>\n<col width=\"81\" \/>\n<col width=\"201\" \/>\n<col span=\"3\" width=\"61\" \/><\/colgroup>\n<tbody>\n<tr>\n<td class=\"xl65\" width=\"81\" height=\"20\">\n<table style=\"height: 47px;\" border=\"0\" width=\"86\" cellspacing=\"0\" cellpadding=\"0\">\n<colgroup>\n<col width=\"81\" \/>\n<col width=\"201\" \/>\n<col span=\"3\" width=\"61\" \/><\/colgroup>\n<tbody>\n<tr>\n<td class=\"xl65\" width=\"81\" height=\"20\"><strong>\u00a0 \u00a0 CODE<\/strong><\/td>\n<\/tr>\n<\/tbody>\n<\/table>\n<\/td>\n<td class=\"xl65\" width=\"201\"><strong>\u00a0 \u00a0 \u00a0 \u00a0 \u00a0 \u00a0 \u00a0 \u00a0 \u00a0 TYPE<\/strong><\/td>\n<td class=\"xl66\" width=\"61\"><strong>UNIT<\/strong><\/td>\n<td class=\"xl66\" width=\"61\"><strong>SIZE<\/strong><\/td>\n<td class=\"xl66\" width=\"61\"><strong>BOX<\/strong><\/td>\n<\/tr>\n<tr>\n<td height=\"20\">FSTG0400<\/td>\n<td>Gray Aluminium Spirit Levels<\/td>\n<td class=\"xl67\">Pc<\/td>\n<td class=\"xl67\">40 cm<\/td>\n<td class=\"xl67\">50<\/td>\n<\/tr>\n<tr>\n<td height=\"20\">FSTG0500<\/td>\n<td>Gray Aluminium Spirit Levels<\/td>\n<td class=\"xl67\">Pc<\/td>\n<td class=\"xl67\">50 cm<\/td>\n<td class=\"xl67\">50<\/td>\n<\/tr>\n<tr>\n<td height=\"20\">FSTF0600<\/td>\n<td>Gray Aluminium Spirit Levels<\/td>\n<td class=\"xl67\">Pc<\/td>\n<td class=\"xl67\">60 cm<\/td>\n<td class=\"xl67\">50<\/td>\n<\/tr>\n<tr>\n<td height=\"20\">FSTG0700<\/td>\n<td>Gray Aluminium Spirit Levels<\/td>\n<td class=\"xl67\">Pc<\/td>\n<td class=\"xl67\">70 cm<\/td>\n<td class=\"xl67\">50<\/td>\n<\/tr>\n<tr>\n<td height=\"20\">FSTG0800<\/td>\n<td>Gray Aluminium Spirit Levels<\/td>\n<td class=\"xl67\">Pc<\/td>\n<td class=\"xl67\">80 cm<\/td>\n<td class=\"xl67\">50<\/td>\n<\/tr>\n<tr>\n<td height=\"20\">FSTG1000<\/td>\n<td>Gray Aluminium Spirit Levels<\/td>\n<td class=\"xl67\">Pc<\/td>\n<td class=\"xl67\">100 cm<\/td>\n<td class=\"xl67\">50<\/td>\n<\/tr>\n<\/tbody>\n<\/table>\n<p><a class=\"fancybox8202\" title=\"Al\u00fcminyum Ekonomik M\u0131knat\u0131sl\u0131 Su Terazisi\" href=\"http:\/\/www.meridyenas.com.tr\/images\/urunler\/el-aletleri\/su-terazisi-3.jpg\"><img decoding=\"async\" class=\"lazyload\" title=\"Al\u00fcminyum Ekonomik M\u0131knat\u0131sl\u0131 Su Terazisi\" src=\"http:\/\/www.meridyenas.com.tr\/cache\/jalazyload\/600x450.png\" alt=\"Al\u00fcminyum Ekonomik M\u0131knat\u0131sl\u0131 Su Terazisi\" width=\"100\" height=\"75\" longdesc=\"http:\/\/www.meridyenas.com.tr\/images\/urunler\/el-aletleri\/su-terazisi-3.jpg\" border=\"0\" \/><\/a><\/p>\n<table border=\"0\" cellspacing=\"0\" cellpadding=\"0\">\n<colgroup>\n<col width=\"81\" \/>\n<col width=\"201\" \/>\n<col span=\"3\" width=\"61\" \/><\/colgroup>\n<tbody>\n<tr>\n<td class=\"xl65\" width=\"81\" height=\"20\"><strong>CODE<\/strong><\/td>\n<td class=\"xl65\" width=\"201\"><strong>\u00a0 TYPE<\/strong><\/td>\n<td class=\"xl66\" width=\"61\"><strong>UNIT<\/strong><\/td>\n<td class=\"xl66\" width=\"61\"><strong>SIZE<\/strong><\/td>\n<td class=\"xl66\" width=\"61\"><strong>BOX<\/strong><\/td>\n<\/tr>\n<tr>\n<td height=\"20\">FSTE0400<\/td>\n<td>Ekonomic &amp; Magnetic Alm.Spirit Levels<\/td>\n<td class=\"xl67\">Pc<\/td>\n<td class=\"xl67\">40 cm<\/td>\n<td class=\"xl67\">50<\/td>\n<\/tr>\n<tr>\n<td height=\"20\">FSTE0500<\/td>\n<td>Ekonomic &amp; Magnetic Alm.Spirit Levels<\/td>\n<td class=\"xl67\">Pc<\/td>\n<td class=\"xl67\">50 cm<\/td>\n<td class=\"xl67\">50<\/td>\n<\/tr>\n<tr>\n<td height=\"20\">FSTE0600<\/td>\n<td>Ekonomic &amp; Magnetic Alm.Spirit Levels<\/td>\n<td class=\"xl67\">Pc<\/td>\n<td class=\"xl67\">60 cm<\/td>\n<td class=\"xl67\">50<\/td>\n<\/tr>\n<tr>\n<td height=\"20\">FSTE0700<\/td>\n<td>Ekonomic &amp; Magnetic Alm.Spirit Levels<\/td>\n<td class=\"xl67\">Pc<\/td>\n<td class=\"xl67\">70 cm<\/td>\n<td class=\"xl67\">50<\/td>\n<\/tr>\n<tr>\n<td height=\"20\">FSTE0800<\/td>\n<td>Ekonomic &amp; Magnetic Alm.Spirit Levels<\/td>\n<td class=\"xl67\">Pc<\/td>\n<td class=\"xl67\">80 cm<\/td>\n<td class=\"xl67\">50<\/td>\n<\/tr>\n<tr>\n<td height=\"20\">FSTE1000<\/td>\n<td>Ekonomic &amp; Magnetic Alm.Spirit Levels<\/td>\n<td class=\"xl67\">Pc<\/td>\n<td class=\"xl67\">100 cm<\/td>\n<td class=\"xl67\">50<\/td>\n<\/tr>\n<\/tbody>\n<\/table>\n<p><a class=\"fancybox7976\" title=\"Al\u00fcminyum M\u0131knat\u0131sl\u0131 Su Terazisi\" href=\"http:\/\/www.meridyenas.com.tr\/images\/urunler\/el-aletleri\/su-terazisi-4.jpg\"><img loading=\"lazy\" decoding=\"async\" class=\"lazyload\" title=\"Al\u00fcminyum M\u0131knat\u0131sl\u0131 Su Terazisi\" src=\"http:\/\/www.meridyenas.com.tr\/cache\/jalazyload\/600x450.png\" alt=\"Al\u00fcminyum M\u0131knat\u0131sl\u0131 Su Terazisi\" width=\"100\" height=\"75\" longdesc=\"http:\/\/www.meridyenas.com.tr\/images\/urunler\/el-aletleri\/su-terazisi-4.jpg\" border=\"0\" \/><\/a><\/p>\n<table border=\"0\" cellspacing=\"0\" cellpadding=\"0\">\n<colgroup>\n<col width=\"81\" \/>\n<col width=\"201\" \/>\n<col span=\"3\" width=\"61\" \/><\/colgroup>\n<tbody>\n<tr>\n<td class=\"xl65\" width=\"81\" height=\"20\"><strong>CODE<\/strong><\/td>\n<td class=\"xl65\" width=\"201\"><strong>\u00a0 TYPE<\/strong><\/td>\n<td class=\"xl66\" width=\"61\"><strong>UNIT<\/strong><\/td>\n<td class=\"xl66\" width=\"61\"><strong>SIZE<\/strong><\/td>\n<td class=\"xl66\" width=\"61\"><strong>BOX<\/strong><\/td>\n<\/tr>\n<tr>\n<td height=\"20\">FSTM0400<\/td>\n<td>Magnetic Alm.Spirit Levels<\/td>\n<td class=\"xl67\">Pc<\/td>\n<td class=\"xl67\">40 cm<\/td>\n<td class=\"xl67\">48<\/td>\n<\/tr>\n<tr>\n<td height=\"20\">FSTM0500<\/td>\n<td>Magnetic Alm.Spirit Levels<\/td>\n<td class=\"xl67\">Pc<\/td>\n<td class=\"xl67\">50 cm<\/td>\n<td class=\"xl67\">48<\/td>\n<\/tr>\n<tr>\n<td height=\"20\">FSTM0600<\/td>\n<td>Magnetic Alm.Spirit Levels<\/td>\n<td class=\"xl67\">Pc<\/td>\n<td class=\"xl67\">60 cm<\/td>\n<td class=\"xl67\">48<\/td>\n<\/tr>\n<tr>\n<td height=\"20\">FSTM0700<\/td>\n<td>Magnetic Alm.Spirit Levels<\/td>\n<td class=\"xl67\">Pc<\/td>\n<td class=\"xl67\">70 cm<\/td>\n<td class=\"xl67\">48<\/td>\n<\/tr>\n<tr>\n<td height=\"20\">FSTM0800<\/td>\n<td>Magnetic Alm.Spirit Levels<\/td>\n<td class=\"xl67\">Pc<\/td>\n<td class=\"xl67\">80 cm<\/td>\n<td class=\"xl67\">48<\/td>\n<\/tr>\n<tr>\n<td height=\"20\">FSTM1000<\/td>\n<td>Magnetic Alm.Spirit Levels<\/td>\n<td class=\"xl67\">Pc<\/td>\n<td class=\"xl67\">100 cm<\/td>\n<td class=\"xl67\">48<\/td>\n<\/tr>\n<\/tbody>\n<\/table>\n<p><a class=\"fancybox9286\" title=\"Al\u00fcminyum K\u0131rm\u0131z\u0131 (LD-2007 B) Su Terazisi\" href=\"http:\/\/www.meridyenas.com.tr\/images\/urunler\/el-aletleri\/su-terazisi-5.jpg\"><img loading=\"lazy\" decoding=\"async\" class=\"lazyload\" title=\"K\u0131rm\u0131z\u0131 (LD-2007 B) Su Terazisi\" src=\"http:\/\/www.meridyenas.com.tr\/cache\/jalazyload\/600x450.png\" alt=\"K\u0131rm\u0131z\u0131 (LD-2007 B) Su Terazisi\" width=\"100\" height=\"75\" longdesc=\"http:\/\/www.meridyenas.com.tr\/images\/urunler\/el-aletleri\/su-terazisi-5.jpg\" border=\"0\" \/><\/a><\/p>\n<table border=\"0\" cellspacing=\"0\" cellpadding=\"0\">\n<colgroup>\n<col width=\"81\" \/>\n<col width=\"201\" \/>\n<col span=\"3\" width=\"61\" \/><\/colgroup>\n<tbody>\n<tr>\n<td class=\"xl65\" width=\"81\" height=\"20\"><strong>CODE<\/strong><\/td>\n<td class=\"xl65\" width=\"201\"><strong>\u00a0 \u00a0 \u00a0 \u00a0 \u00a0 \u00a0 \u00a0 TYPE \u00a0 \u00a0 \u00a0 \u00a0 \u00a0 \u00a0 \u00a0 \u00a0<\/strong><\/td>\n<td class=\"xl66\" width=\"61\"><strong> \u00a0UNIT<\/strong><\/td>\n<td class=\"xl66\" width=\"61\"><strong>SIZE<\/strong><\/td>\n<td class=\"xl66\" width=\"61\"><strong>BOX<\/strong><\/td>\n<\/tr>\n<tr>\n<td height=\"20\">FSTK0600<\/td>\n<td>RED (LD-2007 B) Alm.Spirit Levels<\/td>\n<td class=\"xl67\">Pc<\/td>\n<td class=\"xl67\">60 cm<\/td>\n<td class=\"xl67\">50<\/td>\n<\/tr>\n<tr>\n<td height=\"20\">FSTK0700<\/td>\n<td>RED (LD-2007 B) Alm.Spirit Levels<\/td>\n<td class=\"xl67\">Pc<\/td>\n<td class=\"xl67\">70 cm<\/td>\n<td class=\"xl67\">50<\/td>\n<\/tr>\n<tr>\n<td height=\"20\">FSTK0800<\/td>\n<td>RED (LD-2007 B) Alm.Spirit Levels<\/td>\n<td class=\"xl67\">Pc<\/td>\n<td class=\"xl67\">80 cm<\/td>\n<td class=\"xl67\">50<\/td>\n<\/tr>\n<tr>\n<td height=\"20\">FSTK1000<\/td>\n<td>RED (LD-2007 B) Alm.Spirit Levels<\/td>\n<td class=\"xl67\">Pc<\/td>\n<td class=\"xl67\">100 cm<\/td>\n<td class=\"xl67\">50<\/td>\n<\/tr>\n<\/tbody>\n<\/table>\n<p><a class=\"fancybox8639\" title=\"Al\u00fcminyum Mavi (LD-2007 2B) Su Terazisi\" href=\"http:\/\/www.meridyenas.com.tr\/images\/urunler\/el-aletleri\/su-terazisi-6.jpg\"><img loading=\"lazy\" decoding=\"async\" class=\"lazyload\" title=\"Mavi (LD-2007 2B) Su Terazisi\" src=\"http:\/\/www.meridyenas.com.tr\/cache\/jalazyload\/600x450.png\" alt=\"Mavi (LD-2007 2B) Su Terazisi\" width=\"100\" height=\"75\" longdesc=\"http:\/\/www.meridyenas.com.tr\/images\/urunler\/el-aletleri\/su-terazisi-6.jpg\" border=\"0\" \/><\/a><\/p>\n<table border=\"0\" cellspacing=\"0\" cellpadding=\"0\">\n<colgroup>\n<col width=\"81\" \/>\n<col width=\"201\" \/>\n<col span=\"3\" width=\"61\" \/><\/colgroup>\n<tbody>\n<tr>\n<td class=\"xl65\" width=\"81\" height=\"20\"><strong>CODE<\/strong><\/td>\n<td class=\"xl65\" width=\"201\"><strong>TYPE \u00a0 \u00a0 \u00a0 \u00a0 \u00a0 \u00a0 <\/strong><\/td>\n<td class=\"xl66\" width=\"61\"><strong>UNIT<\/strong><\/td>\n<td class=\"xl66\" width=\"61\"><strong>SIZE<\/strong><\/td>\n<td class=\"xl66\" width=\"61\"><strong>BOX<\/strong><\/td>\n<\/tr>\n<tr>\n<td height=\"20\">FSTB600<\/td>\n<td>BLUE (LD-2007 2B) Alm.Spirit Levels<\/td>\n<td class=\"xl67\">Pc<\/td>\n<td class=\"xl67\">60 cm<\/td>\n<td class=\"xl67\">50<\/td>\n<\/tr>\n<tr>\n<td height=\"20\">FSTB700<\/td>\n<td>BLUE (LD-2007 2B) Alm.Spirit Levels<\/td>\n<td class=\"xl67\">Pc<\/td>\n<td class=\"xl67\">70 cm<\/td>\n<td class=\"xl67\">50<\/td>\n<\/tr>\n<tr>\n<td height=\"20\">FSTB800<\/td>\n<td>BLUE (LD-2007 2B) Alm.Spirit Levels<\/td>\n<td class=\"xl67\">Pc<\/td>\n<td class=\"xl67\">80 cm<\/td>\n<td class=\"xl67\">50<\/td>\n<\/tr>\n<tr>\n<td height=\"20\">FSTB1000<\/td>\n<td>BLUE (LD-2007 2B) Alm.Spirit Levels<\/td>\n<td class=\"xl67\">Pc<\/td>\n<td class=\"xl67\">100 cm<\/td>\n<td class=\"xl67\">50<\/td>\n<\/tr>\n<\/tbody>\n<\/table>\n<p><a class=\"fancybox149\" title=\"Lazerli Su Terazisi\" href=\"http:\/\/www.meridyenas.com.tr\/images\/urunler\/el-aletleri\/su-terazisi-7.jpg\"><img loading=\"lazy\" decoding=\"async\" class=\"lazyload\" title=\"Lazerli Su Terazisi\" src=\"http:\/\/www.meridyenas.com.tr\/cache\/jalazyload\/600x450.png\" alt=\"Lazerli Su Terazisi\" width=\"100\" height=\"75\" longdesc=\"http:\/\/www.meridyenas.com.tr\/images\/urunler\/el-aletleri\/su-terazisi-7.jpg\" border=\"0\" \/><\/a><\/p>\n<table border=\"0\" cellspacing=\"0\" cellpadding=\"0\">\n<colgroup>\n<col width=\"81\" \/>\n<col width=\"201\" \/>\n<col span=\"3\" width=\"61\" \/><\/colgroup>\n<tbody>\n<tr>\n<td class=\"xl65\" width=\"81\" height=\"20\"><strong>CODE<\/strong><\/td>\n<td class=\"xl65\" width=\"201\"><strong>TYPE \u00a0 \u00a0 \u00a0 \u00a0 \u00a0 \u00a0 <\/strong><\/td>\n<td class=\"xl66\" width=\"61\"><strong>UNIT<\/strong><\/td>\n<td class=\"xl66\" width=\"61\"><strong>SIZE<\/strong><\/td>\n<td class=\"xl66\" width=\"61\"><strong>BOX<\/strong><\/td>\n<\/tr>\n<tr>\n<td height=\"20\">FSTL001<\/td>\n<td>Laser Spirit Levels<\/td>\n<td class=\"xl67\"><strong>Pc<\/strong><\/td>\n<td class=\"xl67\"><\/td>\n<td class=\"xl67\">4<\/td>\n<\/tr>\n<\/tbody>\n<\/table>\n","protected":false},"excerpt":{"rendered":"<p>CODE TYPE UNIT SIZE BOX FSTS0400 Yellow Aluminium Spirit Levels Pc 40 cm 48 FSTS0500 Yellow Aluminium Spirit Levels Pc 50 cm 48 FSTS0600 Yellow Aluminium Spirit Levels Pc 60 cm 48 FSTS0700 Yellow Aluminium Spirit Levels Pc 70 cm 48 FSTS0800 Yellow Aluminium Spirit Levels Pc 80 cm 48<\/p>\n","protected":false},"featured_media":6410,"comment_status":"closed","ping_status":"open","template":"","meta":{"inline_featured_image":false},"product_brand":[],"product_cat":[249,250],"product_tag":[],"class_list":{"0":"post-9503","1":"product","2":"type-product","3":"status-publish","4":"has-post-thumbnail","6":"product_cat-hardware-groups-2","7":"product_cat-measuring-tools-hardware-groups-2","9":"first","10":"instock","11":"product-type-simple"},"_links":{"self":[{"href":"https:\/\/egebaglanti.com.tr\/en\/wp-json\/wp\/v2\/product\/9503","targetHints":{"allow":["GET"]}}],"collection":[{"href":"https:\/\/egebaglanti.com.tr\/en\/wp-json\/wp\/v2\/product"}],"about":[{"href":"https:\/\/egebaglanti.com.tr\/en\/wp-json\/wp\/v2\/types\/product"}],"replies":[{"embeddable":true,"href":"https:\/\/egebaglanti.com.tr\/en\/wp-json\/wp\/v2\/comments?post=9503"}],"wp:featuredmedia":[{"embeddable":true,"href":"https:\/\/egebaglanti.com.tr\/en\/wp-json\/wp\/v2\/media\/6410"}],"wp:attachment":[{"href":"https:\/\/egebaglanti.com.tr\/en\/wp-json\/wp\/v2\/media?parent=9503"}],"wp:term":[{"taxonomy":"product_brand","embeddable":true,"href":"https:\/\/egebaglanti.com.tr\/en\/wp-json\/wp\/v2\/product_brand?post=9503"},{"taxonomy":"product_cat","embeddable":true,"href":"https:\/\/egebaglanti.com.tr\/en\/wp-json\/wp\/v2\/product_cat?post=9503"},{"taxonomy":"product_tag","embeddable":true,"href":"https:\/\/egebaglanti.com.tr\/en\/wp-json\/wp\/v2\/product_tag?post=9503"}],"curies":[{"name":"wp","href":"https:\/\/api.w.org\/{rel}","templated":true}]}}