{"id":9499,"date":"2024-10-24T23:19:04","date_gmt":"2024-10-24T20:19:04","guid":{"rendered":"https:\/\/egebaglanti.com.tr\/urun\/hinges\/"},"modified":"2024-10-25T20:52:09","modified_gmt":"2024-10-25T17:52:09","slug":"hinges","status":"publish","type":"product","link":"https:\/\/egebaglanti.com.tr\/en\/urun\/hinges\/","title":{"rendered":"Hinges"},"content":{"rendered":"<h3><\/h3>\n<div id=\"urunbox\">\n<p><a title=\" href=\" rel=\"lightbox-journey\"><img decoding=\"async\" src=\"http:\/\/www.uyaraksesuar.com\/images\/menteseler\/thumb-1.png\" \/><\/a>M.U 500 Triangle Pivot \u00a0Hinge (Aldox)<\/p>\n<\/div>\n<div id=\"urunbox\">\n<p><a title=\" href=\" rel=\"lightbox-journey\"><img decoding=\"async\" src=\"http:\/\/www.uyaraksesuar.com\/images\/menteseler\/thumb-2.png\" \/><\/a>M.U 501 Triangle Pivot \u00a0Hinge (System)<\/p>\n<\/div>\n<div id=\"urunbox\">\n<p><a title=\" href=\" rel=\"lightbox-journey\"><img decoding=\"async\" src=\"http:\/\/www.uyaraksesuar.com\/images\/menteseler\/thumb-3.png\" \/><\/a>M.U 119 Aldox Pivot Hinge (<span style=\"font-size: 1rem;\">Horseshoe Type<\/span><span style=\"font-size: 1rem;\">)<\/span><\/p>\n<\/div>\n<div id=\"urunbox\">\n<p><a title=\" href=\" rel=\"lightbox-journey\"><img decoding=\"async\" src=\"http:\/\/www.uyaraksesuar.com\/images\/menteseler\/thumb-4.png\" \/><\/a>M.U 104 System Heat Insulated Hinge<\/p>\n<\/div>\n<div id=\"urunbox\">\n<p><a title=\" href=\" rel=\"lightbox-journey\"><img decoding=\"async\" src=\"http:\/\/www.uyaraksesuar.com\/images\/menteseler\/thumb-5.png\" \/><\/a>M.U 112System Door Hinge (Asa\u015f)<\/p>\n<\/div>\n<div id=\"urunbox\">\n<p><a title=\" href=\" rel=\"lightbox-journey\"><img decoding=\"async\" src=\"http:\/\/www.uyaraksesuar.com\/images\/menteseler\/thumb-6.png\" \/><\/a>M.U 106 Grecee Window Hinge (Asa\u015f)<\/p>\n<\/div>\n<div id=\"urunbox\">\n<p><a title=\" href=\" rel=\"lightbox-journey\"><img decoding=\"async\" src=\"http:\/\/www.uyaraksesuar.com\/images\/menteseler\/thumb-7.png\" \/><\/a>M.U 101 Aldox Straight Hinge<\/p>\n<\/div>\n<div id=\"urunbox\">\n<p><a title=\" href=\" rel=\"lightbox-journey\"><img decoding=\"async\" src=\"http:\/\/www.uyaraksesuar.com\/images\/menteseler\/thumb-8.png\" \/><\/a>M.U 102 Aldox \u0130nterlock Hinge (Bursa)<\/p>\n<\/div>\n<div id=\"urunbox\">\n<p><a title=\" href=\" rel=\"lightbox-journey\"><img decoding=\"async\" src=\"http:\/\/www.uyaraksesuar.com\/images\/menteseler\/thumb-9.png\" \/><\/a>M.U 107 Aldox Fluted Hinge<\/p>\n<\/div>\n<div id=\"urunbox\">\n<p><a title=\" href=\" rel=\"lightbox-journey\"><img decoding=\"async\" src=\"http:\/\/www.uyaraksesuar.com\/images\/menteseler\/thumb-10.png\" \/><\/a>M.U 103 Aldox Big Hinge<\/p>\n<\/div>\n<div id=\"urunbox\">\n<p><a title=\" href=\" rel=\"lightbox-journey\"><img decoding=\"async\" src=\"http:\/\/www.uyaraksesuar.com\/images\/menteseler\/thumb-11.png\" \/><\/a>M.U 111 Altema Hinge<\/p>\n<\/div>\n<div id=\"urunbox\">\n<p><a title=\" href=\" rel=\"lightbox-journey\"><img decoding=\"async\" src=\"http:\/\/www.uyaraksesuar.com\/images\/menteseler\/thumb-12.png\" \/><\/a>M.U 115 Saray System Hinge<\/p>\n<\/div>\n<div id=\"urunbox\">\n<p><a title=\" href=\" rel=\"lightbox-journey\"><img decoding=\"async\" src=\"http:\/\/www.uyaraksesuar.com\/images\/menteseler\/thumb-13.png\" \/><\/a>M.U 105 C60 Hinge (Kapazlama)<\/p>\n<\/div>\n<div id=\"urunbox\">\n<p><a title=\" href=\" rel=\"lightbox-journey\"><img decoding=\"async\" src=\"http:\/\/www.uyaraksesuar.com\/images\/menteseler\/thumb-14.png\" \/><\/a>M.U 110 C60 \u0130nterlock Hinge<\/p>\n<\/div>\n<div id=\"urunbox\">\n<p><a title=\" href=\" rel=\"lightbox-journey\"><img decoding=\"async\" src=\"http:\/\/www.uyaraksesuar.com\/images\/menteseler\/thumb-15.png\" \/><\/a>M.U 116 System Burak Hinge (For Door)<\/p>\n<\/div>\n<div id=\"urunbox\">\n<p><a title=\" href=\" rel=\"lightbox-journey\"><img decoding=\"async\" src=\"http:\/\/www.uyaraksesuar.com\/images\/menteseler\/thumb-16.png\" \/><\/a>M.U 118 Aldoks \u0130nterlock Hinge<\/p>\n<\/div>\n<div id=\"urunbox\">\n<p><a title=\" href=\" rel=\"lightbox-journey\"><img decoding=\"async\" src=\"http:\/\/www.uyaraksesuar.com\/images\/menteseler\/thumb-17.png\" \/><\/a>M.U 117 System Burak Hinge (For Window)<\/p>\n<\/div>\n<div id=\"urunbox\">\n<p><a title=\" href=\" rel=\"lightbox-journey\"><img decoding=\"async\" src=\"http:\/\/www.uyaraksesuar.com\/images\/menteseler\/thumb-18.png\" \/><\/a>M.U 109 Shutter Hinge<\/p>\n<\/div>\n<div id=\"urunbox\">\n<p><a title=\" href=\" rel=\"lightbox-journey\"><img decoding=\"async\" src=\"http:\/\/www.uyaraksesuar.com\/images\/menteseler\/thumb-19.png\" \/><\/a>M.U 114 Double Acting Hinge Aluminium<\/p>\n<\/div>\n<div id=\"urunbox\">\n<p><a title=\" href=\" rel=\"lightbox-journey\"><img decoding=\"async\" src=\"http:\/\/www.uyaraksesuar.com\/images\/menteseler\/thumb-20.png\" \/><\/a>M.U 108 Double Acting Hinge Sheet<\/p>\n<\/div>\n<div id=\"urunbox\">\n<p><a title=\" href=\" rel=\"lightbox-journey\"><img decoding=\"async\" src=\"http:\/\/www.uyaraksesuar.com\/images\/menteseler\/thumb-21.png\" \/><\/a>M.U 301 Double Acting Hinge Backup Strip<\/p>\n<\/div>\n","protected":false},"excerpt":{"rendered":"<p>M.U 500 Triangle Pivot \u00a0Hinge (Aldox) M.U 501 Triangle Pivot \u00a0Hinge (System) M.U 119 Aldox Pivot Hinge (Horseshoe Type) M.U 104 System Heat Insulated Hinge M.U 112System Door Hinge (Asa\u015f) M.U 106 Grecee Window Hinge (Asa\u015f) M.U 101 Aldox Straight Hinge M.U 102 Aldox \u0130nterlock Hinge (Bursa) M.U 107 Aldox<\/p>\n","protected":false},"featured_media":6402,"comment_status":"closed","ping_status":"open","template":"","meta":{"inline_featured_image":false},"product_brand":[],"product_cat":[235,245],"product_tag":[],"class_list":{"0":"post-9499","1":"product","2":"type-product","3":"status-publish","4":"has-post-thumbnail","6":"product_cat-aluminum-accessories-2","7":"product_cat-hinges-aluminum-accessories-2","9":"first","10":"instock","11":"product-type-simple"},"_links":{"self":[{"href":"https:\/\/egebaglanti.com.tr\/en\/wp-json\/wp\/v2\/product\/9499","targetHints":{"allow":["GET"]}}],"collection":[{"href":"https:\/\/egebaglanti.com.tr\/en\/wp-json\/wp\/v2\/product"}],"about":[{"href":"https:\/\/egebaglanti.com.tr\/en\/wp-json\/wp\/v2\/types\/product"}],"replies":[{"embeddable":true,"href":"https:\/\/egebaglanti.com.tr\/en\/wp-json\/wp\/v2\/comments?post=9499"}],"wp:featuredmedia":[{"embeddable":true,"href":"https:\/\/egebaglanti.com.tr\/en\/wp-json\/wp\/v2\/media\/6402"}],"wp:attachment":[{"href":"https:\/\/egebaglanti.com.tr\/en\/wp-json\/wp\/v2\/media?parent=9499"}],"wp:term":[{"taxonomy":"product_brand","embeddable":true,"href":"https:\/\/egebaglanti.com.tr\/en\/wp-json\/wp\/v2\/product_brand?post=9499"},{"taxonomy":"product_cat","embeddable":true,"href":"https:\/\/egebaglanti.com.tr\/en\/wp-json\/wp\/v2\/product_cat?post=9499"},{"taxonomy":"product_tag","embeddable":true,"href":"https:\/\/egebaglanti.com.tr\/en\/wp-json\/wp\/v2\/product_tag?post=9499"}],"curies":[{"name":"wp","href":"https:\/\/api.w.org\/{rel}","templated":true}]}}