{"id":46338,"date":"2024-10-24T23:16:25","date_gmt":"2024-10-24T20:16:25","guid":{"rendered":"https:\/\/egebaglanti.com.tr\/urun\/kd001-10-150\/"},"modified":"2024-12-09T14:25:49","modified_gmt":"2024-12-09T11:25:49","slug":"kd001-10-150","status":"publish","type":"product","link":"https:\/\/egebaglanti.com.tr\/en\/urun\/kd001-10-150\/","title":{"rendered":"Kale Padlock Iron (50 mm) KD001\/10-150"},"content":{"rendered":"<div id=\"productTechnicalDetails\" class=\"modal fade in\" role=\"dialog\" aria-labelledby=\"myModalLabel\" aria-hidden=\"false\">\n<div class=\"modal-dialog\" role=\"document\">\n<div class=\"modal-content\">\n<div class=\"modal-body properties-modal\">\n<table class=\"xl6425643\" border=\"0\" width=\"124\" cellspacing=\"0\" cellpadding=\"0\">\n<tbody>\n<tr>\n<td class=\"xl6325643\" height=\"20\">MALZEME<\/td>\n<td class=\"xl6325643\">Gri D\u00f6k\u00fcm<\/td>\n<\/tr>\n<tr>\n<td class=\"xl6325643\" height=\"20\">T\u0130P<\/td>\n<td class=\"xl6525643\">50<\/td>\n<\/tr>\n<tr>\n<td class=\"xl6325643\" height=\"20\">A<\/td>\n<td class=\"xl6525643\">50 mm<\/td>\n<\/tr>\n<tr>\n<td class=\"xl6325643\" height=\"20\">B<\/td>\n<td class=\"xl6725643\">41<\/td>\n<\/tr>\n<tr>\n<td class=\"xl6325643\" height=\"20\">C<\/td>\n<td class=\"xl6625643\">25<\/td>\n<\/tr>\n<tr>\n<td class=\"xl6325643\" height=\"20\">D<\/td>\n<td class=\"xl6725643\">9<\/td>\n<\/tr>\n<tr>\n<td class=\"xl6325643\" height=\"20\">E<\/td>\n<td class=\"xl6625643\">25<\/td>\n<\/tr>\n<tr>\n<td class=\"xl6325643\" height=\"20\">F<\/td>\n<td class=\"xl6625643\">23<\/td>\n<\/tr>\n<\/tbody>\n<\/table>\n<\/div>\n<\/div>\n<\/div>\n<\/div>\n<section class=\"product-info\">\n<div class=\"container\">\n<div class=\"col-md-9\">\n<h3 class=\"animated fadeInDown delay-05s\"><\/h3>\n<\/div>\n<\/div>\n<\/section>\n","protected":false},"excerpt":{"rendered":"<p>MALZEME Gri D\u00f6k\u00fcm T\u0130P 50 A 50 mm B 41 C 25 D 9 E 25 F 23<\/p>\n","protected":false},"featured_media":6657,"comment_status":"closed","ping_status":"closed","template":"","meta":{"inline_featured_image":false},"product_brand":[],"product_cat":[104,103],"product_tag":[],"class_list":{"0":"post-46338","1":"product","2":"type-product","3":"status-publish","4":"has-post-thumbnail","6":"product_cat-hirdavat-grubu","7":"product_cat-kale-dis-ticaret","9":"first","10":"instock","11":"product-type-simple"},"_links":{"self":[{"href":"https:\/\/egebaglanti.com.tr\/en\/wp-json\/wp\/v2\/product\/46338","targetHints":{"allow":["GET"]}}],"collection":[{"href":"https:\/\/egebaglanti.com.tr\/en\/wp-json\/wp\/v2\/product"}],"about":[{"href":"https:\/\/egebaglanti.com.tr\/en\/wp-json\/wp\/v2\/types\/product"}],"replies":[{"embeddable":true,"href":"https:\/\/egebaglanti.com.tr\/en\/wp-json\/wp\/v2\/comments?post=46338"}],"wp:featuredmedia":[{"embeddable":true,"href":"https:\/\/egebaglanti.com.tr\/en\/wp-json\/wp\/v2\/media\/6657"}],"wp:attachment":[{"href":"https:\/\/egebaglanti.com.tr\/en\/wp-json\/wp\/v2\/media?parent=46338"}],"wp:term":[{"taxonomy":"product_brand","embeddable":true,"href":"https:\/\/egebaglanti.com.tr\/en\/wp-json\/wp\/v2\/product_brand?post=46338"},{"taxonomy":"product_cat","embeddable":true,"href":"https:\/\/egebaglanti.com.tr\/en\/wp-json\/wp\/v2\/product_cat?post=46338"},{"taxonomy":"product_tag","embeddable":true,"href":"https:\/\/egebaglanti.com.tr\/en\/wp-json\/wp\/v2\/product_tag?post=46338"}],"curies":[{"name":"wp","href":"https:\/\/api.w.org\/{rel}","templated":true}]}}