{"id":46337,"date":"2024-10-24T23:16:25","date_gmt":"2024-10-24T20:16:25","guid":{"rendered":"https:\/\/egebaglanti.com.tr\/urun\/kd001-60-120\/"},"modified":"2024-12-09T14:25:02","modified_gmt":"2024-12-09T11:25:02","slug":"kd001-60-120","status":"publish","type":"product","link":"https:\/\/egebaglanti.com.tr\/en\/urun\/kd001-60-120\/","title":{"rendered":"Steel Padlock KD001\/60-120"},"content":{"rendered":"<div id=\"productTechnicalDetails\" class=\"modal fade in\" role=\"dialog\" aria-labelledby=\"myModalLabel\" aria-hidden=\"false\">\n<div class=\"modal-dialog\" role=\"document\">\n<div class=\"modal-content\">\n<div class=\"modal-body properties-modal\">\n<table class=\"xl649236\" border=\"0\" width=\"187\" cellspacing=\"0\" cellpadding=\"0\">\n<tbody>\n<tr>\n<td class=\"xl639236\" height=\"20\">\u00d6ZELL\u0130\u011e\u0130<\/td>\n<td class=\"xl659236\" width=\"133\">Paslanmaz \u00e7elik g\u00f6vde<\/td>\n<\/tr>\n<tr>\n<td class=\"xl639236\" height=\"20\">T\u0130P<\/td>\n<td class=\"xl669236\">120<\/td>\n<\/tr>\n<tr>\n<td class=\"xl639236\" height=\"20\">A<\/td>\n<td class=\"xl669236\">50.8 mm<\/td>\n<\/tr>\n<tr>\n<td class=\"xl639236\" height=\"20\">B<\/td>\n<td class=\"xl679236\">88<\/td>\n<\/tr>\n<tr>\n<td class=\"xl639236\" height=\"20\">C<\/td>\n<td class=\"xl679236\">19.8<\/td>\n<\/tr>\n<tr>\n<td class=\"xl639236\" height=\"20\">D<\/td>\n<td class=\"xl679236\">9.5<\/td>\n<\/tr>\n<tr>\n<td class=\"xl639236\" height=\"20\">E<\/td>\n<td class=\"xl679236\">25.7<\/td>\n<\/tr>\n<tr>\n<td class=\"xl639236\" height=\"20\">F<\/td>\n<td class=\"xl679236\">25<\/td>\n<\/tr>\n<\/tbody>\n<\/table>\n<\/div>\n<\/div>\n<\/div>\n<\/div>\n<section class=\"product-info\">\n<div class=\"container\">\n<div class=\"col-md-9\">\n<h3 class=\"animated fadeInDown delay-05s\"><\/h3>\n<\/div>\n<\/div>\n<\/section>\n","protected":false},"excerpt":{"rendered":"<p>\u00d6ZELL\u0130\u011e\u0130 Paslanmaz \u00e7elik g\u00f6vde T\u0130P 120 A 50.8 mm B 88 C 19.8 D 9.5 E 25.7 F 25<\/p>\n","protected":false},"featured_media":6659,"comment_status":"closed","ping_status":"closed","template":"","meta":{"inline_featured_image":false},"product_brand":[],"product_cat":[104,103],"product_tag":[],"class_list":{"0":"post-46337","1":"product","2":"type-product","3":"status-publish","4":"has-post-thumbnail","6":"product_cat-hirdavat-grubu","7":"product_cat-kale-dis-ticaret","9":"first","10":"instock","11":"product-type-simple"},"_links":{"self":[{"href":"https:\/\/egebaglanti.com.tr\/en\/wp-json\/wp\/v2\/product\/46337","targetHints":{"allow":["GET"]}}],"collection":[{"href":"https:\/\/egebaglanti.com.tr\/en\/wp-json\/wp\/v2\/product"}],"about":[{"href":"https:\/\/egebaglanti.com.tr\/en\/wp-json\/wp\/v2\/types\/product"}],"replies":[{"embeddable":true,"href":"https:\/\/egebaglanti.com.tr\/en\/wp-json\/wp\/v2\/comments?post=46337"}],"wp:featuredmedia":[{"embeddable":true,"href":"https:\/\/egebaglanti.com.tr\/en\/wp-json\/wp\/v2\/media\/6659"}],"wp:attachment":[{"href":"https:\/\/egebaglanti.com.tr\/en\/wp-json\/wp\/v2\/media?parent=46337"}],"wp:term":[{"taxonomy":"product_brand","embeddable":true,"href":"https:\/\/egebaglanti.com.tr\/en\/wp-json\/wp\/v2\/product_brand?post=46337"},{"taxonomy":"product_cat","embeddable":true,"href":"https:\/\/egebaglanti.com.tr\/en\/wp-json\/wp\/v2\/product_cat?post=46337"},{"taxonomy":"product_tag","embeddable":true,"href":"https:\/\/egebaglanti.com.tr\/en\/wp-json\/wp\/v2\/product_tag?post=46337"}],"curies":[{"name":"wp","href":"https:\/\/api.w.org\/{rel}","templated":true}]}}