{"id":46335,"date":"2024-10-24T23:16:25","date_gmt":"2024-10-24T20:16:25","guid":{"rendered":"https:\/\/egebaglanti.com.tr\/urun\/kd001-10-140\/"},"modified":"2024-12-09T14:20:50","modified_gmt":"2024-12-09T11:20:50","slug":"kd001-10-140","status":"publish","type":"product","link":"https:\/\/egebaglanti.com.tr\/en\/urun\/kd001-10-140\/","title":{"rendered":"Kale Padlock Iron (38 mm) KD001\/10-140"},"content":{"rendered":"<div id=\"productTechnicalDetails\" class=\"modal fade in\" role=\"dialog\" aria-labelledby=\"myModalLabel\" aria-hidden=\"false\">\n<div class=\"modal-dialog\" role=\"document\">\n<div class=\"modal-content\">\n<div class=\"modal-body properties-modal\">\n<table class=\"xl6423719\" border=\"0\" width=\"124\" cellspacing=\"0\" cellpadding=\"0\">\n<tbody>\n<tr>\n<td class=\"xl6323719\" height=\"20\">MALZEME<\/td>\n<td class=\"xl6323719\">Gri D\u00f6k\u00fcm<\/td>\n<\/tr>\n<tr>\n<td class=\"xl6323719\" height=\"20\">T\u0130P<\/td>\n<td class=\"xl6523719\">40<\/td>\n<\/tr>\n<tr>\n<td class=\"xl6323719\" height=\"20\">A<\/td>\n<td class=\"xl6523719\">38 mm<\/td>\n<\/tr>\n<tr>\n<td class=\"xl6323719\" height=\"20\">B<\/td>\n<td class=\"xl6723719\">35<\/td>\n<\/tr>\n<tr>\n<td class=\"xl6323719\" height=\"20\">C<\/td>\n<td class=\"xl6623719\">21.7<\/td>\n<\/tr>\n<tr>\n<td class=\"xl6323719\" height=\"20\">D<\/td>\n<td class=\"xl6623719\">6.3<\/td>\n<\/tr>\n<tr>\n<td class=\"xl6323719\" height=\"20\">E<\/td>\n<td class=\"xl6623719\">19.7<\/td>\n<\/tr>\n<tr>\n<td class=\"xl6323719\" height=\"20\">F<\/td>\n<td class=\"xl6723719\">17.7<\/td>\n<\/tr>\n<\/tbody>\n<\/table>\n<\/div>\n<\/div>\n<\/div>\n<\/div>\n<section class=\"product-info\">\n<div class=\"container\">\n<div class=\"col-md-9\">\n<h3 class=\"animated fadeInDown delay-05s\"><\/h3>\n<\/div>\n<\/div>\n<\/section>\n","protected":false},"excerpt":{"rendered":"<p>MALZEME Gri D\u00f6k\u00fcm T\u0130P 40 A 38 mm B 35 C 21.7 D 6.3 E 19.7 F 17.7<\/p>\n","protected":false},"featured_media":6657,"comment_status":"closed","ping_status":"closed","template":"","meta":{"inline_featured_image":false},"product_brand":[],"product_cat":[104,103],"product_tag":[],"class_list":{"0":"post-46335","1":"product","2":"type-product","3":"status-publish","4":"has-post-thumbnail","6":"product_cat-hirdavat-grubu","7":"product_cat-kale-dis-ticaret","9":"first","10":"instock","11":"product-type-simple"},"_links":{"self":[{"href":"https:\/\/egebaglanti.com.tr\/en\/wp-json\/wp\/v2\/product\/46335","targetHints":{"allow":["GET"]}}],"collection":[{"href":"https:\/\/egebaglanti.com.tr\/en\/wp-json\/wp\/v2\/product"}],"about":[{"href":"https:\/\/egebaglanti.com.tr\/en\/wp-json\/wp\/v2\/types\/product"}],"replies":[{"embeddable":true,"href":"https:\/\/egebaglanti.com.tr\/en\/wp-json\/wp\/v2\/comments?post=46335"}],"wp:featuredmedia":[{"embeddable":true,"href":"https:\/\/egebaglanti.com.tr\/en\/wp-json\/wp\/v2\/media\/6657"}],"wp:attachment":[{"href":"https:\/\/egebaglanti.com.tr\/en\/wp-json\/wp\/v2\/media?parent=46335"}],"wp:term":[{"taxonomy":"product_brand","embeddable":true,"href":"https:\/\/egebaglanti.com.tr\/en\/wp-json\/wp\/v2\/product_brand?post=46335"},{"taxonomy":"product_cat","embeddable":true,"href":"https:\/\/egebaglanti.com.tr\/en\/wp-json\/wp\/v2\/product_cat?post=46335"},{"taxonomy":"product_tag","embeddable":true,"href":"https:\/\/egebaglanti.com.tr\/en\/wp-json\/wp\/v2\/product_tag?post=46335"}],"curies":[{"name":"wp","href":"https:\/\/api.w.org\/{rel}","templated":true}]}}