{"id":46333,"date":"2024-10-24T23:16:25","date_gmt":"2024-10-24T20:16:25","guid":{"rendered":"https:\/\/egebaglanti.com.tr\/urun\/kd001-10-125\/"},"modified":"2024-12-09T13:58:50","modified_gmt":"2024-12-09T10:58:50","slug":"kd001-10-125","status":"publish","type":"product","link":"https:\/\/egebaglanti.com.tr\/en\/urun\/kd001-10-125\/","title":{"rendered":"Kale Padlock Iron (25 mm) KD001\/10-125"},"content":{"rendered":"<table class=\"xl6418869\" border=\"0\" width=\"124\" cellspacing=\"0\" cellpadding=\"0\">\n<colgroup>\n<col class=\"xl6418869\" width=\"59\" \/>\n<col class=\"xl6418869\" width=\"65\" \/><\/colgroup>\n<tbody>\n<tr>\n<td class=\"xl6818869\" colspan=\"2\" width=\"124\" height=\"20\">KD 001\/10-125<\/td>\n<\/tr>\n<tr>\n<td class=\"xl6418869\" height=\"20\"><\/td>\n<td class=\"xl6418869\"><\/td>\n<\/tr>\n<tr>\n<td class=\"xl6318869\" height=\"20\">MALZEME<\/td>\n<td class=\"xl6318869\">Gri D\u00f6k\u00fcm<\/td>\n<\/tr>\n<tr>\n<td class=\"xl6318869\" height=\"20\">T\u0130P<\/td>\n<td class=\"xl6518869\">25<\/td>\n<\/tr>\n<tr>\n<td class=\"xl6318869\" height=\"20\">A<\/td>\n<td class=\"xl6518869\">25 mm<\/td>\n<\/tr>\n<tr>\n<td class=\"xl6318869\" height=\"20\">B<\/td>\n<td class=\"xl6718869\">24<\/td>\n<\/tr>\n<tr>\n<td class=\"xl6318869\" height=\"20\">C<\/td>\n<td class=\"xl6618869\">13.8<\/td>\n<\/tr>\n<tr>\n<td class=\"xl6318869\" height=\"20\">D<\/td>\n<td class=\"xl6618869\">3.95<\/td>\n<\/tr>\n<tr>\n<td class=\"xl6318869\" height=\"20\">E<\/td>\n<td class=\"xl6618869\">12.7<\/td>\n<\/tr>\n<tr>\n<td class=\"xl6318869\" height=\"20\">F<\/td>\n<td class=\"xl6718869\">12.5<\/td>\n<\/tr>\n<\/tbody>\n<\/table>\n","protected":false},"excerpt":{"rendered":"<p>KD 001\/10-125 MALZEME Gri D\u00f6k\u00fcm T\u0130P 25 A 25 mm B 24 C 13.8 D 3.95 E 12.7 F 12.5<\/p>\n","protected":false},"featured_media":6655,"comment_status":"closed","ping_status":"closed","template":"","meta":{"inline_featured_image":false},"product_brand":[],"product_cat":[104,103],"product_tag":[],"class_list":{"0":"post-46333","1":"product","2":"type-product","3":"status-publish","4":"has-post-thumbnail","6":"product_cat-hirdavat-grubu","7":"product_cat-kale-dis-ticaret","9":"first","10":"instock","11":"product-type-simple"},"_links":{"self":[{"href":"https:\/\/egebaglanti.com.tr\/en\/wp-json\/wp\/v2\/product\/46333","targetHints":{"allow":["GET"]}}],"collection":[{"href":"https:\/\/egebaglanti.com.tr\/en\/wp-json\/wp\/v2\/product"}],"about":[{"href":"https:\/\/egebaglanti.com.tr\/en\/wp-json\/wp\/v2\/types\/product"}],"replies":[{"embeddable":true,"href":"https:\/\/egebaglanti.com.tr\/en\/wp-json\/wp\/v2\/comments?post=46333"}],"wp:featuredmedia":[{"embeddable":true,"href":"https:\/\/egebaglanti.com.tr\/en\/wp-json\/wp\/v2\/media\/6655"}],"wp:attachment":[{"href":"https:\/\/egebaglanti.com.tr\/en\/wp-json\/wp\/v2\/media?parent=46333"}],"wp:term":[{"taxonomy":"product_brand","embeddable":true,"href":"https:\/\/egebaglanti.com.tr\/en\/wp-json\/wp\/v2\/product_brand?post=46333"},{"taxonomy":"product_cat","embeddable":true,"href":"https:\/\/egebaglanti.com.tr\/en\/wp-json\/wp\/v2\/product_cat?post=46333"},{"taxonomy":"product_tag","embeddable":true,"href":"https:\/\/egebaglanti.com.tr\/en\/wp-json\/wp\/v2\/product_tag?post=46333"}],"curies":[{"name":"wp","href":"https:\/\/api.w.org\/{rel}","templated":true}]}}