{"id":46332,"date":"2024-10-24T23:16:25","date_gmt":"2024-10-24T20:16:25","guid":{"rendered":"https:\/\/egebaglanti.com.tr\/urun\/kd001-10-120\/"},"modified":"2024-12-09T13:53:18","modified_gmt":"2024-12-09T10:53:18","slug":"kd001-10-120","status":"publish","type":"product","link":"https:\/\/egebaglanti.com.tr\/en\/urun\/kd001-10-120\/","title":{"rendered":"Kale Padlock Iron (20 mm) KD001\/10-120"},"content":{"rendered":"<p>MALZEME:Gri D\u00f6k\u00fcm<\/p>\n<p>T\u0130P:20A21 mm<\/p>\n<p>B:21<\/p>\n<p>C:11.1<\/p>\n<p>D:3.3<\/p>\n<p>E:10.7<\/p>\n<p>F:11<\/p>\n","protected":false},"excerpt":{"rendered":"<p>MALZEME:Gri D\u00f6k\u00fcm T\u0130P:20A21 mm B:21 C:11.1 D:3.3 E:10.7 F:11<\/p>\n","protected":false},"featured_media":6653,"comment_status":"closed","ping_status":"closed","template":"","meta":{"inline_featured_image":false},"product_brand":[],"product_cat":[104,103],"product_tag":[],"class_list":{"0":"post-46332","1":"product","2":"type-product","3":"status-publish","4":"has-post-thumbnail","6":"product_cat-hirdavat-grubu","7":"product_cat-kale-dis-ticaret","9":"first","10":"instock","11":"product-type-simple"},"_links":{"self":[{"href":"https:\/\/egebaglanti.com.tr\/en\/wp-json\/wp\/v2\/product\/46332","targetHints":{"allow":["GET"]}}],"collection":[{"href":"https:\/\/egebaglanti.com.tr\/en\/wp-json\/wp\/v2\/product"}],"about":[{"href":"https:\/\/egebaglanti.com.tr\/en\/wp-json\/wp\/v2\/types\/product"}],"replies":[{"embeddable":true,"href":"https:\/\/egebaglanti.com.tr\/en\/wp-json\/wp\/v2\/comments?post=46332"}],"wp:featuredmedia":[{"embeddable":true,"href":"https:\/\/egebaglanti.com.tr\/en\/wp-json\/wp\/v2\/media\/6653"}],"wp:attachment":[{"href":"https:\/\/egebaglanti.com.tr\/en\/wp-json\/wp\/v2\/media?parent=46332"}],"wp:term":[{"taxonomy":"product_brand","embeddable":true,"href":"https:\/\/egebaglanti.com.tr\/en\/wp-json\/wp\/v2\/product_brand?post=46332"},{"taxonomy":"product_cat","embeddable":true,"href":"https:\/\/egebaglanti.com.tr\/en\/wp-json\/wp\/v2\/product_cat?post=46332"},{"taxonomy":"product_tag","embeddable":true,"href":"https:\/\/egebaglanti.com.tr\/en\/wp-json\/wp\/v2\/product_tag?post=46332"}],"curies":[{"name":"wp","href":"https:\/\/api.w.org\/{rel}","templated":true}]}}