{"id":46321,"date":"2024-10-24T23:16:52","date_gmt":"2024-10-24T20:16:52","guid":{"rendered":"https:\/\/egebaglanti.com.tr\/urun\/kd040-87-250\/"},"modified":"2024-12-09T11:12:31","modified_gmt":"2024-12-09T08:12:31","slug":"kd040-87-250","status":"publish","type":"product","link":"https:\/\/egebaglanti.com.tr\/en\/urun\/kd040-87-250\/","title":{"rendered":"Kale Card Lock-Luxury Series KD040\/87-250"},"content":{"rendered":"<div id=\"productTechnicalDetails\" class=\"modal fade in\" role=\"dialog\" aria-labelledby=\"myModalLabel\" aria-hidden=\"false\">\n<div class=\"modal-dialog\" role=\"document\">\n<div class=\"modal-content\">\n<div class=\"modal-body properties-modal\">\n<table class=\"xl6313991\" border=\"0\" width=\"584\" cellspacing=\"0\" cellpadding=\"0\">\n<tbody>\n<tr>\n<td class=\"xl6413991\" align=\"left\" height=\"17\">S\u0130STEM<\/td>\n<td class=\"xl6413991\" align=\"left\">Elektronik devre kart\u0131 NXP (PHILIPS) 936<\/td>\n<\/tr>\n<tr>\n<td class=\"xl6413991\" align=\"left\" height=\"17\">B\u0130LG\u0130 AKTARIMI<\/td>\n<td class=\"xl6413991\" align=\"left\">Radyo sinyalleri ile<\/td>\n<\/tr>\n<tr>\n<td class=\"xl6413991\" align=\"left\" height=\"17\">F\u0130Z\u0130KSEL TEMAS<\/td>\n<td class=\"xl6413991\" align=\"left\">Yok<\/td>\n<\/tr>\n<tr>\n<td class=\"xl6413991\" align=\"left\" height=\"17\">BAKIM<\/td>\n<td class=\"xl6413991\" align=\"left\">Gerektirmez<\/td>\n<\/tr>\n<tr>\n<td class=\"xl6413991\" align=\"left\" height=\"17\">SINIRLAMA<\/td>\n<td class=\"xl6413991\" align=\"left\">Tarih ve saat s\u0131n\u0131rlamas\u0131 yap\u0131labilir<\/td>\n<\/tr>\n<tr>\n<td class=\"xl6413991\" align=\"left\" height=\"17\">ALARM FONKS\u0130YONU<\/td>\n<td class=\"xl6413991\" align=\"left\">D\u00fc\u015f\u00fck voltaj<\/td>\n<\/tr>\n<tr>\n<td class=\"xl6413991\" align=\"left\" height=\"17\">D\u00dc\u015e\u00dcK ENERJ\u0130 UYARISI<\/td>\n<td class=\"xl6413991\" align=\"left\">Sesli uyar\u0131<\/td>\n<\/tr>\n<tr>\n<td class=\"xl6413991\" align=\"left\" height=\"17\">P\u0130L ZAYIF UYARISI SONRASI A\u00c7ILI\u015e<\/td>\n<td class=\"xl6413991\" align=\"left\">Min.50 kez a\u00e7ma izni<\/td>\n<\/tr>\n<tr>\n<td class=\"xl6413991\" align=\"left\" height=\"17\">A\u00c7ILI\u015e ZAMANI<\/td>\n<td class=\"xl6413991\" align=\"left\">Kart okutulduktan 1sn. sonra<\/td>\n<\/tr>\n<tr>\n<td class=\"xl6413991\" align=\"left\" height=\"17\">G\u00dcVENL\u0130K KODU S\u0130STEM\u0130<\/td>\n<td class=\"xl6413991\" align=\"left\">3 seviyeli<\/td>\n<\/tr>\n<tr>\n<td class=\"xl6413991\" align=\"left\" height=\"17\">ZAMAN KONTROL\u00dc<\/td>\n<td class=\"xl6413991\" align=\"left\">mcu RTC<\/td>\n<\/tr>\n<tr>\n<td class=\"xl6413991\" align=\"left\" height=\"17\">KART TEKNOLOJ\u0130S\u0130<\/td>\n<td class=\"xl6413991\" align=\"left\">MIFARE 1K S50 kart 13,56 MHz, kilitleme ve enerji tasarrufu i\u00e7in<\/td>\n<\/tr>\n<tr>\n<td class=\"xl6413991\" align=\"left\" height=\"17\">KART STANDARDI<\/td>\n<td class=\"xl6413991\" align=\"left\">ISO\/IEC 14443 A<\/td>\n<\/tr>\n<tr>\n<td class=\"xl6413991\" align=\"left\" height=\"17\">KART OKUMA HIZI<\/td>\n<td class=\"xl6413991\" align=\"left\">0,035 saniyeden daha az<\/td>\n<\/tr>\n<tr>\n<td class=\"xl6413991\" align=\"left\" height=\"17\">K\u0130L\u0130T A\u00c7IK KALMA ZAMANI<\/td>\n<td class=\"xl6413991\" align=\"left\">5 saniye<\/td>\n<\/tr>\n<tr>\n<td class=\"xl6413991\" align=\"left\" height=\"17\">\u00c7ALI\u015eMA SICAKLI\u011eI<\/td>\n<td class=\"xl6413991\" align=\"left\">-15\u00b0C\u00a0\u00a0\u00a0\u0334 +60\u00b0C<\/td>\n<\/tr>\n<tr>\n<td class=\"xl6413991\" align=\"left\" height=\"17\">NEM ORANI<\/td>\n<td class=\"xl6413991\" align=\"left\">15-95 % RH<\/td>\n<\/tr>\n<tr>\n<td class=\"xl6413991\" align=\"left\" height=\"17\">\u00c7ALI\u015eMA FREKANSI<\/td>\n<td class=\"xl6413991\" align=\"left\">13.56MHz<\/td>\n<\/tr>\n<tr>\n<td class=\"xl6413991\" align=\"left\" height=\"17\">ENERJ\u0130<\/td>\n<td class=\"xl6413991\" align=\"left\">DC4.5V (3 adet 1,5 V alkalin pil ile )<\/td>\n<\/tr>\n<tr>\n<td class=\"xl6413991\" align=\"left\" height=\"17\">G\u00dc\u00c7 SARF\u0130YATI<\/td>\n<td class=\"xl6413991\" align=\"left\">Statik &lt; 15 uA &#8211; Dinamik &lt; 120 mA<\/td>\n<\/tr>\n<tr>\n<td class=\"xl6413991\" align=\"left\" height=\"17\">P\u0130L KULLANIM \u00d6MR\u00dc<\/td>\n<td class=\"xl6413991\" align=\"left\">3 x 1,5V AA alkalin pil ile kullan\u0131ma ba\u011fl\u0131 olarak ortalama 1 y\u0131l<\/td>\n<\/tr>\n<tr>\n<td class=\"xl6413991\" align=\"left\" height=\"17\">A\u011eIRLIK<\/td>\n<td class=\"xl6413991\" align=\"left\">3,15 kg (35mm i\u00e7 kilit ve silindir ile)<\/td>\n<\/tr>\n<tr>\n<td class=\"xl6413991\" align=\"left\" height=\"17\">KAPI KALINLI\u011eI<\/td>\n<td class=\"xl6413991\" align=\"left\">38mm -70mm<\/td>\n<\/tr>\n<tr>\n<td class=\"xl6413991\" align=\"left\" height=\"17\">KAPI SEREN GEN\u0130\u015eL\u0130\u011e\u0130<\/td>\n<td class=\"xl6413991\" align=\"left\">Min. 75 mm (i\u00e7 kilide g\u00f6re de\u011fi\u015febilir)<\/td>\n<\/tr>\n<tr>\n<td class=\"xl6413991\" align=\"left\" height=\"17\">KAYIT HAFIZASI<\/td>\n<td class=\"xl6413991\" align=\"left\">1000 adet el terminali ile<\/td>\n<\/tr>\n<tr>\n<td class=\"xl6413991\" align=\"left\" height=\"17\">S\u00dcREKL\u0130 GE\u00c7\u0130\u015e MODU<\/td>\n<td class=\"xl6413991\" align=\"left\">Var<\/td>\n<\/tr>\n<tr>\n<td class=\"xl6413991\" align=\"left\" height=\"17\">ARKADAN K\u0130L\u0130TLEME UYARISI<\/td>\n<td class=\"xl6413991\" align=\"left\">Sesli&amp; g\u00f6rsel<\/td>\n<\/tr>\n<tr>\n<td class=\"xl6413991\" align=\"left\" height=\"17\">UYGULANAB\u0130LEN K\u0130L\u0130TLER<\/td>\n<td class=\"xl6413991\" align=\"left\">Opsiyonel (silindirli g\u00f6mme kilit)<\/td>\n<\/tr>\n<tr>\n<td class=\"xl6413991\" align=\"left\" height=\"17\">K\u0130L\u0130TLEME<\/td>\n<td class=\"xl6413991\" align=\"left\">Mikro elektronik motor ile<\/td>\n<\/tr>\n<tr>\n<td class=\"xl6413991\" align=\"left\" height=\"17\">G\u00d6RSEL UYARI<\/td>\n<td class=\"xl6413991\" align=\"left\">Var<\/td>\n<\/tr>\n<tr>\n<td class=\"xl6413991\" align=\"left\" height=\"17\">KAYAR T\u0130P BAREL KAPA\u011eI<\/td>\n<td class=\"xl6413991\" align=\"left\">Var<\/td>\n<\/tr>\n<tr>\n<td class=\"xl6413991\" align=\"left\" height=\"17\">MONTAJ PLAKASI<\/td>\n<td class=\"xl6413991\" align=\"left\">Var<\/td>\n<\/tr>\n<tr>\n<td class=\"xl6413991\" align=\"left\" height=\"17\">OPS\u0130YONEL A\u00c7ILI\u015e<\/td>\n<td class=\"xl6413991\" align=\"left\">Mekanik anahtar ile<\/td>\n<\/tr>\n<tr>\n<td class=\"xl6413991\" align=\"left\" height=\"17\">TANIMSIZ KART UYARISI<\/td>\n<td class=\"xl6413991\" align=\"left\">Sesli<\/td>\n<\/tr>\n<\/tbody>\n<\/table>\n<\/div>\n<\/div>\n<\/div>\n<\/div>\n<section class=\"product-info\">\n<div class=\"container\">\n<div class=\"col-md-9\"><\/div>\n<\/div>\n<\/section>\n","protected":false},"excerpt":{"rendered":"<p>S\u0130STEM Elektronik devre kart\u0131 NXP (PHILIPS) 936 B\u0130LG\u0130 AKTARIMI Radyo sinyalleri ile F\u0130Z\u0130KSEL TEMAS Yok BAKIM Gerektirmez SINIRLAMA Tarih ve saat s\u0131n\u0131rlamas\u0131 yap\u0131labilir ALARM FONKS\u0130YONU D\u00fc\u015f\u00fck voltaj D\u00dc\u015e\u00dcK ENERJ\u0130 UYARISI Sesli uyar\u0131 P\u0130L ZAYIF UYARISI SONRASI A\u00c7ILI\u015e Min.50 kez a\u00e7ma izni A\u00c7ILI\u015e ZAMANI Kart okutulduktan 1sn. sonra G\u00dcVENL\u0130K KODU S\u0130STEM\u0130<\/p>\n","protected":false},"featured_media":6755,"comment_status":"closed","ping_status":"closed","template":"","meta":{"inline_featured_image":false},"product_brand":[],"product_cat":[140,103],"product_tag":[],"class_list":{"0":"post-46321","1":"product","2":"type-product","3":"status-publish","4":"has-post-thumbnail","6":"product_cat-elektronik-grubu","7":"product_cat-kale-dis-ticaret","9":"first","10":"instock","11":"product-type-simple"},"_links":{"self":[{"href":"https:\/\/egebaglanti.com.tr\/en\/wp-json\/wp\/v2\/product\/46321","targetHints":{"allow":["GET"]}}],"collection":[{"href":"https:\/\/egebaglanti.com.tr\/en\/wp-json\/wp\/v2\/product"}],"about":[{"href":"https:\/\/egebaglanti.com.tr\/en\/wp-json\/wp\/v2\/types\/product"}],"replies":[{"embeddable":true,"href":"https:\/\/egebaglanti.com.tr\/en\/wp-json\/wp\/v2\/comments?post=46321"}],"wp:featuredmedia":[{"embeddable":true,"href":"https:\/\/egebaglanti.com.tr\/en\/wp-json\/wp\/v2\/media\/6755"}],"wp:attachment":[{"href":"https:\/\/egebaglanti.com.tr\/en\/wp-json\/wp\/v2\/media?parent=46321"}],"wp:term":[{"taxonomy":"product_brand","embeddable":true,"href":"https:\/\/egebaglanti.com.tr\/en\/wp-json\/wp\/v2\/product_brand?post=46321"},{"taxonomy":"product_cat","embeddable":true,"href":"https:\/\/egebaglanti.com.tr\/en\/wp-json\/wp\/v2\/product_cat?post=46321"},{"taxonomy":"product_tag","embeddable":true,"href":"https:\/\/egebaglanti.com.tr\/en\/wp-json\/wp\/v2\/product_tag?post=46321"}],"curies":[{"name":"wp","href":"https:\/\/api.w.org\/{rel}","templated":true}]}}