{"id":46318,"date":"2024-10-24T23:16:52","date_gmt":"2024-10-24T20:16:52","guid":{"rendered":"https:\/\/egebaglanti.com.tr\/urun\/kd049-30-100\/"},"modified":"2024-12-09T10:48:36","modified_gmt":"2024-12-09T07:48:36","slug":"kd049-30-100","status":"publish","type":"product","link":"https:\/\/egebaglanti.com.tr\/en\/urun\/kd049-30-100\/","title":{"rendered":"Kale X10 Smart Lock System Fingerprint Reader Unit KD049\/30-100"},"content":{"rendered":"<div id=\"productTechnicalDetails\" class=\"modal fade in\" role=\"dialog\" aria-labelledby=\"myModalLabel\" aria-hidden=\"false\">\n<div class=\"modal-dialog\" role=\"document\">\n<div class=\"modal-content\">\n<div class=\"modal-body properties-modal\">\n<table class=\"xl6320206\" border=\"0\" width=\"430\" cellspacing=\"0\" cellpadding=\"0\">\n<tbody>\n<tr>\n<td class=\"xl6420206\" align=\"left\" height=\"17\">G\u00d6VDE<\/td>\n<td class=\"xl6420206\" align=\"left\">Zamak-Saten kaplama<\/td>\n<\/tr>\n<tr>\n<td class=\"xl6420206\" align=\"left\" height=\"17\">\u0130\u00c7 G\u00d6VDE<\/td>\n<td class=\"xl6420206\" align=\"left\">ABS<\/td>\n<\/tr>\n<tr>\n<td class=\"xl6420206\" align=\"left\" height=\"17\">EKRAN<\/td>\n<td class=\"xl6420206\" align=\"left\">OLED-0,96 inch dokunmatik kullan\u0131m<\/td>\n<\/tr>\n<tr>\n<td class=\"xl6420206\" align=\"left\" height=\"17\">P\u0130L<\/td>\n<td class=\"xl6420206\" align=\"left\">\u015earj edilebilir lityum BL-5C 3.7 V -1150 mAh<\/td>\n<\/tr>\n<tr>\n<td class=\"xl6420206\" align=\"left\" height=\"17\">\u015eARJ \u00dcN\u0130TES\u0130<\/td>\n<td class=\"xl6420206\" align=\"left\">110-240 V 50 &amp; 60Hz<\/td>\n<\/tr>\n<tr>\n<td class=\"xl6420206\" align=\"left\" height=\"17\">PARMAK \u0130Z\u0130 HAFIZA KAPAS\u0130TES\u0130<\/td>\n<td class=\"xl6420206\" align=\"left\">3 adet master + 197 adet kullan\u0131c\u0131<\/td>\n<\/tr>\n<tr>\n<td class=\"xl6420206\" align=\"left\" height=\"17\">G\u00dcVENL\u0130 KOD S\u0130STEM\u0130<\/td>\n<td class=\"xl6420206\" align=\"left\">Keylock Teknolojisi<\/td>\n<\/tr>\n<tr>\n<td class=\"xl6420206\" align=\"left\" height=\"17\">\u00c7ALI\u015eMA SICAKLI\u011eI<\/td>\n<td class=\"xl6420206\" align=\"left\">0\u00a0\u00a0\u00a0\u0334+45\u00b0C<\/td>\n<\/tr>\n<tr>\n<td class=\"xl6420206\" align=\"left\" height=\"17\">\u00c7ALI\u015eMA NEM ORANI<\/td>\n<td class=\"xl6420206\" align=\"left\">15\u00a0\u00a0\u00a0\u033490%RH<\/td>\n<\/tr>\n<tr>\n<td class=\"xl6420206\" align=\"left\" height=\"17\">\u00d6L\u00c7\u00dcLER(YxGxD)<\/td>\n<td class=\"xl6420206\" align=\"left\">132x54x23.8 mm<\/td>\n<\/tr>\n<tr>\n<td class=\"xl6620206\" rowspan=\"4\" height=\"68\">KUTU \u0130\u00c7ER\u0130\u011e\u0130<\/td>\n<td class=\"xl6420206\" align=\"left\">1 Adet Parmak izi okuyucu<\/td>\n<\/tr>\n<tr>\n<td class=\"xl6420206\" align=\"left\" height=\"17\">1 Adet Lityum Pil<\/td>\n<\/tr>\n<tr>\n<td class=\"xl6420206\" align=\"left\" height=\"17\">1 Adet \u015earj Cihaz\u0131<\/td>\n<\/tr>\n<tr>\n<td class=\"xl6420206\" align=\"left\" height=\"17\">Kurulum ve Kullanma K\u0131lavuzu<\/td>\n<\/tr>\n<\/tbody>\n<\/table>\n<\/div>\n<div class=\"modal-footer\"><\/div>\n<\/div>\n<\/div>\n<\/div>\n<section class=\"product-info\">\n<div class=\"container\">\n<div class=\"col-md-9\"><\/div>\n<\/div>\n<\/section>\n","protected":false},"excerpt":{"rendered":"<p>G\u00d6VDE Zamak-Saten kaplama \u0130\u00c7 G\u00d6VDE ABS EKRAN OLED-0,96 inch dokunmatik kullan\u0131m P\u0130L \u015earj edilebilir lityum BL-5C 3.7 V -1150 mAh \u015eARJ \u00dcN\u0130TES\u0130 110-240 V 50 &amp; 60Hz PARMAK \u0130Z\u0130 HAFIZA KAPAS\u0130TES\u0130 3 adet master + 197 adet kullan\u0131c\u0131 G\u00dcVENL\u0130 KOD S\u0130STEM\u0130 Keylock Teknolojisi \u00c7ALI\u015eMA SICAKLI\u011eI 0\u00a0\u00a0\u00a0\u0334+45\u00b0C \u00c7ALI\u015eMA NEM ORANI 15\u00a0\u00a0\u00a0\u033490%RH<\/p>\n","protected":false},"featured_media":6769,"comment_status":"closed","ping_status":"closed","template":"","meta":{"inline_featured_image":false},"product_brand":[],"product_cat":[140,103],"product_tag":[],"class_list":{"0":"post-46318","1":"product","2":"type-product","3":"status-publish","4":"has-post-thumbnail","6":"product_cat-elektronik-grubu","7":"product_cat-kale-dis-ticaret","9":"first","10":"instock","11":"product-type-simple"},"_links":{"self":[{"href":"https:\/\/egebaglanti.com.tr\/en\/wp-json\/wp\/v2\/product\/46318","targetHints":{"allow":["GET"]}}],"collection":[{"href":"https:\/\/egebaglanti.com.tr\/en\/wp-json\/wp\/v2\/product"}],"about":[{"href":"https:\/\/egebaglanti.com.tr\/en\/wp-json\/wp\/v2\/types\/product"}],"replies":[{"embeddable":true,"href":"https:\/\/egebaglanti.com.tr\/en\/wp-json\/wp\/v2\/comments?post=46318"}],"wp:featuredmedia":[{"embeddable":true,"href":"https:\/\/egebaglanti.com.tr\/en\/wp-json\/wp\/v2\/media\/6769"}],"wp:attachment":[{"href":"https:\/\/egebaglanti.com.tr\/en\/wp-json\/wp\/v2\/media?parent=46318"}],"wp:term":[{"taxonomy":"product_brand","embeddable":true,"href":"https:\/\/egebaglanti.com.tr\/en\/wp-json\/wp\/v2\/product_brand?post=46318"},{"taxonomy":"product_cat","embeddable":true,"href":"https:\/\/egebaglanti.com.tr\/en\/wp-json\/wp\/v2\/product_cat?post=46318"},{"taxonomy":"product_tag","embeddable":true,"href":"https:\/\/egebaglanti.com.tr\/en\/wp-json\/wp\/v2\/product_tag?post=46318"}],"curies":[{"name":"wp","href":"https:\/\/api.w.org\/{rel}","templated":true}]}}