{"id":46076,"date":"2024-10-24T23:17:47","date_gmt":"2024-10-24T20:17:47","guid":{"rendered":"https:\/\/egebaglanti.com.tr\/urun\/157-f\/"},"modified":"2024-12-03T14:52:12","modified_gmt":"2024-12-03T11:52:12","slug":"157-f","status":"publish","type":"product","link":"https:\/\/egebaglanti.com.tr\/en\/urun\/157-f\/","title":{"rendered":"Safety Mortise Lock With Cross Key Type Cylinder 157 F"},"content":{"rendered":"<p class=\"title\">Product Description:<\/p>\n<h3>Kale Safety Mortise Lock With Cross Key Type Cylinder For Wooden And Metal Doors<\/h3>\n","protected":false},"excerpt":{"rendered":"<h3>TEKN\u0130K B\u0130LG\u0130LER<\/h3>\n<p><strong>G\u00f6vde :<\/strong>\u00a0\u00c7elik, Galvaniz Kaplamal\u0131<\/p>\n<p><strong>Ayna ve Kar\u015f\u0131l\u0131k :\u00a0<\/strong>\u00c7elik<\/p>\n<p><strong>S\u00fcrg\u00fc :<\/strong>\u00a0MS 58 Pirin\u00e7, \u0130ki T\u00fcrl\u00fc<\/p>\n<p><strong>Anahtar :<\/strong>\u00a0\u00c7elik, 3 Adet<\/p>\n<p><strong>Sertifikalar :<\/strong>\u00a0TS EN 12209<\/p>\n","protected":false},"featured_media":6968,"comment_status":"closed","ping_status":"closed","template":"","meta":{"inline_featured_image":false},"product_brand":[],"product_cat":[161,105,558],"product_tag":[],"class_list":{"0":"post-46076","1":"product","2":"type-product","3":"status-publish","4":"has-post-thumbnail","6":"product_cat-gomme-emniyet-kilitleri","7":"product_cat-kale-kilit","8":"product_cat-safety-mortise-locks","10":"first","11":"instock","12":"product-type-simple"},"_links":{"self":[{"href":"https:\/\/egebaglanti.com.tr\/en\/wp-json\/wp\/v2\/product\/46076","targetHints":{"allow":["GET"]}}],"collection":[{"href":"https:\/\/egebaglanti.com.tr\/en\/wp-json\/wp\/v2\/product"}],"about":[{"href":"https:\/\/egebaglanti.com.tr\/en\/wp-json\/wp\/v2\/types\/product"}],"replies":[{"embeddable":true,"href":"https:\/\/egebaglanti.com.tr\/en\/wp-json\/wp\/v2\/comments?post=46076"}],"wp:featuredmedia":[{"embeddable":true,"href":"https:\/\/egebaglanti.com.tr\/en\/wp-json\/wp\/v2\/media\/6968"}],"wp:attachment":[{"href":"https:\/\/egebaglanti.com.tr\/en\/wp-json\/wp\/v2\/media?parent=46076"}],"wp:term":[{"taxonomy":"product_brand","embeddable":true,"href":"https:\/\/egebaglanti.com.tr\/en\/wp-json\/wp\/v2\/product_brand?post=46076"},{"taxonomy":"product_cat","embeddable":true,"href":"https:\/\/egebaglanti.com.tr\/en\/wp-json\/wp\/v2\/product_cat?post=46076"},{"taxonomy":"product_tag","embeddable":true,"href":"https:\/\/egebaglanti.com.tr\/en\/wp-json\/wp\/v2\/product_tag?post=46076"}],"curies":[{"name":"wp","href":"https:\/\/api.w.org\/{rel}","templated":true}]}}