{"id":46009,"date":"2024-10-24T23:16:39","date_gmt":"2024-10-24T20:16:39","guid":{"rendered":"https:\/\/egebaglanti.com.tr\/urun\/kd002-40-440\/"},"modified":"2024-12-03T09:36:58","modified_gmt":"2024-12-03T06:36:58","slug":"kd002-40-440","status":"publish","type":"product","link":"https:\/\/egebaglanti.com.tr\/en\/urun\/kd002-40-440\/","title":{"rendered":"Door Closer Stainless Sliding Arm KD002\/40-440"},"content":{"rendered":"<p class=\"title\">Product Description:<\/p>\n<h3>Silver-Sta\u0131nless Steel Sl\u0131d\u0131ng Arm &#8211; Number 4 (90 kg)<\/h3>\n","protected":false},"excerpt":{"rendered":"<p>Product Description: Silver-Sta\u0131nless Steel Sl\u0131d\u0131ng Arm &#8211; Number 4 (90 kg)<\/p>\n","protected":false},"featured_media":6700,"comment_status":"closed","ping_status":"closed","template":"","meta":{"inline_featured_image":false},"product_brand":[],"product_cat":[104,103],"product_tag":[],"class_list":{"0":"post-46009","1":"product","2":"type-product","3":"status-publish","4":"has-post-thumbnail","6":"product_cat-hirdavat-grubu","7":"product_cat-kale-dis-ticaret","9":"first","10":"instock","11":"product-type-simple"},"_links":{"self":[{"href":"https:\/\/egebaglanti.com.tr\/en\/wp-json\/wp\/v2\/product\/46009","targetHints":{"allow":["GET"]}}],"collection":[{"href":"https:\/\/egebaglanti.com.tr\/en\/wp-json\/wp\/v2\/product"}],"about":[{"href":"https:\/\/egebaglanti.com.tr\/en\/wp-json\/wp\/v2\/types\/product"}],"replies":[{"embeddable":true,"href":"https:\/\/egebaglanti.com.tr\/en\/wp-json\/wp\/v2\/comments?post=46009"}],"wp:featuredmedia":[{"embeddable":true,"href":"https:\/\/egebaglanti.com.tr\/en\/wp-json\/wp\/v2\/media\/6700"}],"wp:attachment":[{"href":"https:\/\/egebaglanti.com.tr\/en\/wp-json\/wp\/v2\/media?parent=46009"}],"wp:term":[{"taxonomy":"product_brand","embeddable":true,"href":"https:\/\/egebaglanti.com.tr\/en\/wp-json\/wp\/v2\/product_brand?post=46009"},{"taxonomy":"product_cat","embeddable":true,"href":"https:\/\/egebaglanti.com.tr\/en\/wp-json\/wp\/v2\/product_cat?post=46009"},{"taxonomy":"product_tag","embeddable":true,"href":"https:\/\/egebaglanti.com.tr\/en\/wp-json\/wp\/v2\/product_tag?post=46009"}],"curies":[{"name":"wp","href":"https:\/\/api.w.org\/{rel}","templated":true}]}}