{"id":45960,"date":"2024-10-24T23:16:52","date_gmt":"2024-10-24T20:16:52","guid":{"rendered":"https:\/\/egebaglanti.com.tr\/urun\/kd050-10-200\/"},"modified":"2024-12-09T11:07:59","modified_gmt":"2024-12-09T08:07:59","slug":"kd050-10-200","status":"publish","type":"product","link":"https:\/\/egebaglanti.com.tr\/en\/urun\/kd050-10-200\/","title":{"rendered":"Access Control Unit KD050\/10-200"},"content":{"rendered":"<div id=\"productTechnicalDetails\" class=\"modal fade in\" role=\"dialog\" aria-labelledby=\"myModalLabel\" aria-hidden=\"false\">\n<div class=\"modal-dialog\" role=\"document\">\n<div class=\"modal-content\">\n<div class=\"modal-body properties-modal\">\n<table class=\"xl632702\" border=\"0\" width=\"497\" cellspacing=\"0\" cellpadding=\"0\">\n<tbody>\n<tr>\n<td class=\"xl642702\" align=\"left\" height=\"17\">S\u0130STEM<\/td>\n<td class=\"xl642702\" align=\"left\">500 kart kullan\u0131m kapasitesi kart veya \u015fifre ile ge\u00e7i\u015f imkan\u0131<\/td>\n<\/tr>\n<tr>\n<td class=\"xl642702\" align=\"left\" height=\"17\">D\u0130J\u0130TAL S\u0130STEM<\/td>\n<td class=\"xl642702\" align=\"left\">I\u015f\u0131kl\u0131 tu\u015f tak\u0131m\u0131<\/td>\n<\/tr>\n<tr>\n<td class=\"xl642702\" align=\"left\" height=\"17\">ALARM<\/td>\n<td class=\"xl642702\" align=\"left\">Dahili ve harici alarm<\/td>\n<\/tr>\n<tr>\n<td class=\"xl642702\" align=\"left\" height=\"17\">Z\u0130L D\u00dc\u011eMES\u0130<\/td>\n<td class=\"xl642702\" align=\"left\">Var<\/td>\n<\/tr>\n<tr>\n<td class=\"xl642702\" align=\"left\" height=\"17\">UZAKTAN A\u00c7MA BUTONU<\/td>\n<td class=\"xl642702\" align=\"left\">Var<\/td>\n<\/tr>\n<tr>\n<td class=\"xl642702\" align=\"left\" height=\"17\">\u00c7ALI\u015eMA VOLTAJI<\/td>\n<td class=\"xl642702\" align=\"left\">10.8V- 13.8V, nominal 12V AC<\/td>\n<\/tr>\n<tr>\n<td class=\"xl642702\" align=\"left\" height=\"17\">\u00c7ALI\u015eMA AKIMI<\/td>\n<td class=\"xl642702\" align=\"left\"><span class=\"font62702\">&lt;<\/span><span class=\"font52702\">50 mA (elektrikli kilit hari\u00e7)<\/span><\/td>\n<\/tr>\n<tr>\n<td class=\"xl642702\" align=\"left\" height=\"17\">ELEKTR\u0130KL\u0130 K\u0130L\u0130T S\u00dcR\u00dcC\u00dcS\u00dc<\/td>\n<td class=\"xl642702\" align=\"left\">1.000 mA<\/td>\n<\/tr>\n<tr>\n<td class=\"xl642702\" align=\"left\" height=\"17\">\u00c7ALI\u015eMA FREKANSI<\/td>\n<td class=\"xl642702\" align=\"left\">125 KHz<\/td>\n<\/tr>\n<tr>\n<td class=\"xl642702\" align=\"left\" height=\"17\">KART OKUMA UZAKLI\u011eI<\/td>\n<td class=\"xl642702\" align=\"left\">5 cm &#8211; 10 cm<\/td>\n<\/tr>\n<tr>\n<td class=\"xl642702\" align=\"left\" height=\"17\">\u00c7ALI\u015eMA SICAKLI\u011eI<\/td>\n<td class=\"xl642702\" align=\"left\">15 \/ 70\u00b0C<\/td>\n<\/tr>\n<tr>\n<td class=\"xl642702\" align=\"left\" height=\"17\">BA\u011eLANAB\u0130LEN C\u0130HAZLAR<\/td>\n<td class=\"xl642702\" align=\"left\">Tirajl\u0131 kilit, elektromanyetik kilit, bas a\u00e7, s\u00fcrg\u00fcl\u00fc kilit<\/td>\n<\/tr>\n<\/tbody>\n<\/table>\n<\/div>\n<div class=\"modal-footer\"><\/div>\n<\/div>\n<\/div>\n<\/div>\n<section class=\"product-info\">\n<div class=\"container\">\n<div class=\"col-md-9\"><\/div>\n<\/div>\n<\/section>\n","protected":false},"excerpt":{"rendered":"<p>S\u0130STEM 500 kart kullan\u0131m kapasitesi kart veya \u015fifre ile ge\u00e7i\u015f imkan\u0131 D\u0130J\u0130TAL S\u0130STEM I\u015f\u0131kl\u0131 tu\u015f tak\u0131m\u0131 ALARM Dahili ve harici alarm Z\u0130L D\u00dc\u011eMES\u0130 Var UZAKTAN A\u00c7MA BUTONU Var \u00c7ALI\u015eMA VOLTAJI 10.8V- 13.8V, nominal 12V AC \u00c7ALI\u015eMA AKIMI &lt;50 mA (elektrikli kilit hari\u00e7) ELEKTR\u0130KL\u0130 K\u0130L\u0130T S\u00dcR\u00dcC\u00dcS\u00dc 1.000 mA \u00c7ALI\u015eMA FREKANSI 125<\/p>\n","protected":false},"featured_media":6787,"comment_status":"closed","ping_status":"closed","template":"","meta":{"inline_featured_image":false},"product_brand":[],"product_cat":[140,103],"product_tag":[],"class_list":{"0":"post-45960","1":"product","2":"type-product","3":"status-publish","4":"has-post-thumbnail","6":"product_cat-elektronik-grubu","7":"product_cat-kale-dis-ticaret","9":"first","10":"instock","11":"product-type-simple"},"_links":{"self":[{"href":"https:\/\/egebaglanti.com.tr\/en\/wp-json\/wp\/v2\/product\/45960","targetHints":{"allow":["GET"]}}],"collection":[{"href":"https:\/\/egebaglanti.com.tr\/en\/wp-json\/wp\/v2\/product"}],"about":[{"href":"https:\/\/egebaglanti.com.tr\/en\/wp-json\/wp\/v2\/types\/product"}],"replies":[{"embeddable":true,"href":"https:\/\/egebaglanti.com.tr\/en\/wp-json\/wp\/v2\/comments?post=45960"}],"wp:featuredmedia":[{"embeddable":true,"href":"https:\/\/egebaglanti.com.tr\/en\/wp-json\/wp\/v2\/media\/6787"}],"wp:attachment":[{"href":"https:\/\/egebaglanti.com.tr\/en\/wp-json\/wp\/v2\/media?parent=45960"}],"wp:term":[{"taxonomy":"product_brand","embeddable":true,"href":"https:\/\/egebaglanti.com.tr\/en\/wp-json\/wp\/v2\/product_brand?post=45960"},{"taxonomy":"product_cat","embeddable":true,"href":"https:\/\/egebaglanti.com.tr\/en\/wp-json\/wp\/v2\/product_cat?post=45960"},{"taxonomy":"product_tag","embeddable":true,"href":"https:\/\/egebaglanti.com.tr\/en\/wp-json\/wp\/v2\/product_tag?post=45960"}],"curies":[{"name":"wp","href":"https:\/\/api.w.org\/{rel}","templated":true}]}}