{"id":45861,"date":"2024-10-24T23:16:06","date_gmt":"2024-10-24T20:16:06","guid":{"rendered":"https:\/\/egebaglanti.com.tr\/urun\/aral-kilitli-kapi-ispanyoleti\/"},"modified":"2024-11-28T14:11:37","modified_gmt":"2024-11-28T11:11:37","slug":"aral-kilitli-kapi-ispanyoleti","status":"publish","type":"product","link":"https:\/\/egebaglanti.com.tr\/en\/urun\/aral-kilitli-kapi-ispanyoleti\/","title":{"rendered":"Aral Door Lockable Gear"},"content":{"rendered":"<h4 class=\"title\">Product Description:<\/h4>\n<p>Applicable design for PVC and wooden profile door systems<\/p>\n<p>Locking with minimum force<\/p>\n<p>Durable structure with plastic body design<\/p>\n<p>Safer thanks to cross-operating eccentric pins<\/p>\n<p>Safe against opening with vertical force<\/p>\n<p>Safer with poppet pins<\/p>\n<p>Barrel winder distance according to European standards<\/p>\n<p>Option to use crashing latch as right\/left<\/p>\n<p>Extra sizes: 35-85, 35-92, 28-85, 28-92, 25-85 and 25-92.<\/p>\n","protected":false},"excerpt":{"rendered":"<h3>\u00dcr\u00fcn A\u00e7\u0131klamas\u0131<\/h3>\n<div class=\"space-10\"><\/div>\n<ul class=\"list-unstyled m-l-m\">\n<li>&gt; Mekanizman\u0131n modern tasar\u0131m\u0131 sayesinde d\u00fc\u015f\u00fck kol kuvveti ile kilitleme imkan\u0131<\/li>\n<li>&gt; Alt y\u00f6ne do\u011fru kilitleme ile kanat sarkmas\u0131na izin vermeyen donan\u0131m<\/li>\n<li>&gt; Kilit montaj\u0131 i\u00e7in a\u00e7\u0131lacak kanal \u00f6l\u00e7\u00fcs\u00fc: Min. 16&#215;230 mm<\/li>\n<li>&gt; Kol kare \u00e7ubuk \u00f6l\u00e7\u00fcs\u00fc: 8 mm<\/li>\n<li>&gt; Kol y\u00fckseklik \u00f6l\u00e7\u00fcs\u00fc: Kol yeri ortada<\/li>\n<li>&gt; Kol eksen mesafesi: 35 mm<\/li>\n<li>&gt; Avrupa standarlar\u0131na uygun 85mm barel kol mesafesi<\/li>\n<li>&gt; S\u00fcrg\u00fcl\u00fc sistemde alt\u0131 noktadan kilitleme, s\u00fcrg\u00fcs\u00fcz sistemde be\u015f noktadan kilitleme \u00f6zelli\u011fi<\/li>\n<li>&gt; \u00c7arpma dilinin sa\u011f-sol a\u00e7\u0131l\u0131m\u0131nda kullan\u0131labilmesi<\/li>\n<\/ul>\n","protected":false},"featured_media":6586,"comment_status":"closed","ping_status":"open","template":"","meta":{"inline_featured_image":false},"product_brand":[],"product_cat":[534,100,116],"product_tag":[],"class_list":{"0":"post-45861","1":"product","2":"type-product","3":"status-publish","4":"has-post-thumbnail","6":"product_cat-door-lockable-gears","7":"product_cat-kalepen-sistemleri","8":"product_cat-kilitli-kapi-ispanyoletleri","10":"first","11":"instock","12":"product-type-simple"},"_links":{"self":[{"href":"https:\/\/egebaglanti.com.tr\/en\/wp-json\/wp\/v2\/product\/45861","targetHints":{"allow":["GET"]}}],"collection":[{"href":"https:\/\/egebaglanti.com.tr\/en\/wp-json\/wp\/v2\/product"}],"about":[{"href":"https:\/\/egebaglanti.com.tr\/en\/wp-json\/wp\/v2\/types\/product"}],"replies":[{"embeddable":true,"href":"https:\/\/egebaglanti.com.tr\/en\/wp-json\/wp\/v2\/comments?post=45861"}],"wp:featuredmedia":[{"embeddable":true,"href":"https:\/\/egebaglanti.com.tr\/en\/wp-json\/wp\/v2\/media\/6586"}],"wp:attachment":[{"href":"https:\/\/egebaglanti.com.tr\/en\/wp-json\/wp\/v2\/media?parent=45861"}],"wp:term":[{"taxonomy":"product_brand","embeddable":true,"href":"https:\/\/egebaglanti.com.tr\/en\/wp-json\/wp\/v2\/product_brand?post=45861"},{"taxonomy":"product_cat","embeddable":true,"href":"https:\/\/egebaglanti.com.tr\/en\/wp-json\/wp\/v2\/product_cat?post=45861"},{"taxonomy":"product_tag","embeddable":true,"href":"https:\/\/egebaglanti.com.tr\/en\/wp-json\/wp\/v2\/product_tag?post=45861"}],"curies":[{"name":"wp","href":"https:\/\/api.w.org\/{rel}","templated":true}]}}