{"id":45563,"date":"2024-11-22T11:35:09","date_gmt":"2024-11-22T08:35:09","guid":{"rendered":"https:\/\/egebaglanti.com.tr\/slide-back\/"},"modified":"2024-11-26T09:36:16","modified_gmt":"2024-11-26T06:36:16","slug":"slide-back","status":"publish","type":"page","link":"https:\/\/egebaglanti.com.tr\/en\/slide-back\/","title":{"rendered":"Slide Back"},"content":{"rendered":"\t\t<div data-elementor-type=\"wp-page\" data-elementor-id=\"45563\" class=\"elementor elementor-45563\" data-elementor-post-type=\"page\">\n\t\t\t\t\t\t<section class=\"elementor-section elementor-top-section elementor-element elementor-element-7344e7f elementor-section-boxed elementor-section-height-default elementor-section-height-default\" data-id=\"7344e7f\" data-element_type=\"section\" data-e-type=\"section\">\n\t\t\t\t\t\t<div class=\"elementor-container elementor-column-gap-default\">\n\t\t\t\t\t<div class=\"elementor-column elementor-col-100 elementor-top-column elementor-element elementor-element-7ca3615\" data-id=\"7ca3615\" data-element_type=\"column\" data-e-type=\"column\">\n\t\t\t<div class=\"elementor-widget-wrap elementor-element-populated\">\n\t\t\t\t\t\t<div class=\"elementor-element elementor-element-a4d4e4f elementor-widget elementor-widget-spacer\" data-id=\"a4d4e4f\" data-element_type=\"widget\" data-e-type=\"widget\" data-widget_type=\"spacer.default\">\n\t\t\t\t<div class=\"elementor-widget-container\">\n\t\t\t\t\t\t\t<div class=\"elementor-spacer\">\n\t\t\t<div class=\"elementor-spacer-inner\"><\/div>\n\t\t<\/div>\n\t\t\t\t\t\t<\/div>\n\t\t\t\t<\/div>\n\t\t\t\t<section class=\"elementor-section elementor-inner-section elementor-element elementor-element-d6f8d7c elementor-section-content-middle elementor-reverse-tablet elementor-reverse-mobile elementor-section-boxed elementor-section-height-default elementor-section-height-default\" data-id=\"d6f8d7c\" data-element_type=\"section\" data-e-type=\"section\">\n\t\t\t\t\t\t<div class=\"elementor-container elementor-column-gap-default\">\n\t\t\t\t\t<div class=\"elementor-column elementor-col-50 elementor-inner-column elementor-element elementor-element-0981ae9\" data-id=\"0981ae9\" data-element_type=\"column\" data-e-type=\"column\">\n\t\t\t<div class=\"elementor-widget-wrap elementor-element-populated\">\n\t\t\t\t\t\t<div class=\"elementor-element elementor-element-7b05e94 elementor-widget elementor-widget-heading\" data-id=\"7b05e94\" data-element_type=\"widget\" data-e-type=\"widget\" data-widget_type=\"heading.default\">\n\t\t\t\t<div class=\"elementor-widget-container\">\n\t\t\t\t\t<h2 class=\"elementor-heading-title elementor-size-default\">Slideback Semi-Automatic Door Closing System<\/h2>\t\t\t\t<\/div>\n\t\t\t\t<\/div>\n\t\t\t\t<div class=\"elementor-element elementor-element-6a431a3 elementor-widget-divider--view-line elementor-widget elementor-widget-divider\" data-id=\"6a431a3\" data-element_type=\"widget\" data-e-type=\"widget\" data-widget_type=\"divider.default\">\n\t\t\t\t<div class=\"elementor-widget-container\">\n\t\t\t\t\t\t\t<div class=\"elementor-divider\">\n\t\t\t<span class=\"elementor-divider-separator\">\n\t\t\t\t\t\t<\/span>\n\t\t<\/div>\n\t\t\t\t\t\t<\/div>\n\t\t\t\t<\/div>\n\t\t\t\t<div class=\"elementor-element elementor-element-c87ff3b elementor-widget elementor-widget-text-editor\" data-id=\"c87ff3b\" data-element_type=\"widget\" data-e-type=\"widget\" data-widget_type=\"text-editor.default\">\n\t\t\t\t<div class=\"elementor-widget-container\">\n\t\t\t\t\t\t\t\t\t<p class=\"lead-text\">Ege Kap\u0131 Pencere Ba\u011flant\u0131 Elemanlar\u0131 A.\u015e.\u00a0was established in Izmir in 2004 with the aim of sales and marketing in the door, window, and hardware sector.<\/p><p>With the support of prominent brands in its industry, Ege Kap\u0131 has grown to its current position, continuously increasing its foreign trade volume year by year and maintaining balanced trade policies.<\/p><p>Today, the company continues to import from Germany, China, Malaysia, and Taiwan, while also exporting to the Middle East, North Africa, and Central European countries.<\/p>\t\t\t\t\t\t\t\t<\/div>\n\t\t\t\t<\/div>\n\t\t\t\t<div class=\"elementor-element elementor-element-5f2c81f elementor-widget elementor-widget-mae-button\" data-id=\"5f2c81f\" data-element_type=\"widget\" data-e-type=\"widget\" data-widget_type=\"mae-button.default\">\n\t\t\t\t<div class=\"elementor-widget-container\">\n\t\t\t\t\t\n        \n        <a class=\"master-button btn-accent icon-right medium btn-hover-2\" href=\"https:\/\/slideback.com.tr\/\">\n\n            <span class=\"inner\">\n                <span class=\"content-base\">\n                                        <span class=\"text\">Slide Back Website<\/span>\n                    <span class=\"icon ci ci-arrow-pointing-to-right\"><\/span>                <\/span>\n\n                <span class=\"content-hover\">\n                                        <span class=\"text\">Slide Back Website<\/span>\n                    <span class=\"icon ci ci-arrow-pointing-to-right\"><\/span>                <\/span>\n            <\/span>\n\n            <span class=\"bg-hover\"><\/span>        <\/a>\n\n        \t\t\t\t<\/div>\n\t\t\t\t<\/div>\n\t\t\t\t\t<\/div>\n\t\t<\/div>\n\t\t\t\t<div class=\"elementor-column elementor-col-50 elementor-inner-column elementor-element elementor-element-20ff656\" data-id=\"20ff656\" data-element_type=\"column\" data-e-type=\"column\">\n\t\t\t<div class=\"elementor-widget-wrap elementor-element-populated\">\n\t\t\t\t\t\t<div class=\"elementor-element elementor-element-e0470f3 image-width-full elementor-widget elementor-widget-mae-gallery-stack\" data-id=\"e0470f3\" data-element_type=\"widget\" data-e-type=\"widget\" data-widget_type=\"mae-gallery-stack.default\">\n\t\t\t\t<div class=\"elementor-widget-container\">\n\t\t\t\t\t\t\t<div class=\"master-gallery-stack\">\n\t\t\t<div class=\"master-fancy-image elementor-repeater-item-ff46b63 \" data-top=\"225px\" data-parallax='{\"x\" : 0, \"y\" : -50, \"smoothness\" : 30, \"rotateX\" : 0, \"rotateY\" : 0, \"rotateZ\" : 0}' data-calcHeight=\"yes\">\n    \t\t\t\t\t\t\t\t\t<div class=\"image-wrap\"><img fetchpriority=\"high\" decoding=\"async\" width=\"350\" height=\"713\" src=\"https:\/\/egebaglanti.com.tr\/wp-content\/uploads\/2024\/11\/feature-img.png\" class=\"attachment-full size-full\" alt=\"\" srcset=\"https:\/\/egebaglanti.com.tr\/wp-content\/uploads\/2024\/11\/feature-img.png 350w, https:\/\/egebaglanti.com.tr\/wp-content\/uploads\/2024\/11\/feature-img-147x300.png 147w\" sizes=\"(max-width: 350px) 100vw, 350px\" \/><\/div>\n    \t\t\t\t\t\t\t\t<\/div><div class=\"master-fancy-image master-animation elementor-repeater-item-9a9da62 \" data-top=\"0px\" data-animation=\"reveal revealTop2\" data-calcHeight=\"no\">\n    \t\t\t\t\t\t\t\t\t<div class=\"image-wrap\"><img decoding=\"async\" width=\"350\" height=\"713\" src=\"https:\/\/egebaglanti.com.tr\/wp-content\/uploads\/2024\/11\/feature-img2.png\" class=\"attachment-full size-full\" alt=\"\" srcset=\"https:\/\/egebaglanti.com.tr\/wp-content\/uploads\/2024\/11\/feature-img2.png 350w, https:\/\/egebaglanti.com.tr\/wp-content\/uploads\/2024\/11\/feature-img2-147x300.png 147w\" sizes=\"(max-width: 350px) 100vw, 350px\" \/><\/div>\n    \t\t\t\t\t\t\t\t<\/div><div class=\"master-fancy-image elementor-repeater-item-665753e rotating\" data-top=\"0px\" data-calcHeight=\"no\">\n    \t\t\t\t\t\t\t\t\t\t<div class=\"image-wrap\"><img decoding=\"async\" width=\"75\" height=\"82\" src=\"https:\/\/egebaglanti.com.tr\/wp-content\/uploads\/2024\/10\/e-logo.png\" class=\"attachment-full size-full\" alt=\"\" \/><\/div>\n    \t\t\t\t\t\t\t\t\t<\/div><div class=\"master-shape master-animation elementor-repeater-item-176bcff \" data-animation=\"fadeInUpSmall\" data-calcHeight=\"no\"><\/div>\t\t\t\t\t<div class=\"master-video-icon master-animation effect- \" data-animation=\"fadeInUpSmall\" data-calcHeight=\"no\">\n\t\t\t\t\t\t\t\t\t<div class=\"inner\">\n\t\t\t\t\t\t\t\t\t\t<a class=\"popup-video\" aria-label=\"video\" href=\"https:\/\/www.youtube.com\/watch?v=msNGLEfucXY\">\n\t\t\t\t\t\t\t\t\t\t\t<svg aria-hidden=\"true\" class=\"e-font-icon-svg e-fas-play\" viewBox=\"0 0 448 512\" xmlns=\"http:\/\/www.w3.org\/2000\/svg\"><path d=\"M424.4 214.7L72.4 6.6C43.8-10.3 0 6.1 0 47.9V464c0 37.5 40.7 60.1 72.4 41.3l352-208c31.4-18.5 31.5-64.1 0-82.6z\"><\/path><\/svg>\n\t\t\t\t\t\t\t\t\t\t\t<span class=\"p p1\"><\/span>\n\t\t\t\t\t\t\t\t\t\t\t<span class=\"p p2\"><\/span>\n\t\t\t\t\t\t\t\t\t\t<\/a>\n\t\t\t\t\t\t\t\t\t<\/div>\n\t\t\t\t\t\t\t\t<\/div>\t\t<\/div>\n\t    \t\t\t\t<\/div>\n\t\t\t\t<\/div>\n\t\t\t\t\t<\/div>\n\t\t<\/div>\n\t\t\t\t\t<\/div>\n\t\t<\/section>\n\t\t\t\t<div class=\"elementor-element elementor-element-ccae6e1 elementor-widget elementor-widget-spacer\" data-id=\"ccae6e1\" data-element_type=\"widget\" data-e-type=\"widget\" data-widget_type=\"spacer.default\">\n\t\t\t\t<div class=\"elementor-widget-container\">\n\t\t\t\t\t\t\t<div class=\"elementor-spacer\">\n\t\t\t<div class=\"elementor-spacer-inner\"><\/div>\n\t\t<\/div>\n\t\t\t\t\t\t<\/div>\n\t\t\t\t<\/div>\n\t\t\t\t<div class=\"elementor-element elementor-element-7637e1c elementor-widget elementor-widget-spacer\" data-id=\"7637e1c\" data-element_type=\"widget\" data-e-type=\"widget\" data-widget_type=\"spacer.default\">\n\t\t\t\t<div class=\"elementor-widget-container\">\n\t\t\t\t\t\t\t<div class=\"elementor-spacer\">\n\t\t\t<div class=\"elementor-spacer-inner\"><\/div>\n\t\t<\/div>\n\t\t\t\t\t\t<\/div>\n\t\t\t\t<\/div>\n\t\t\t\t\t<\/div>\n\t\t<\/div>\n\t\t\t\t\t<\/div>\n\t\t<\/section>\n\t\t<div class=\"elementor-element elementor-element-83e4e22 e-flex e-con-boxed e-con e-parent\" data-id=\"83e4e22\" data-element_type=\"container\" data-e-type=\"container\">\n\t\t\t\t\t<div class=\"e-con-inner\">\n\t\t\t\t<div class=\"elementor-element elementor-element-445b03b elementor-widget elementor-widget-video\" data-id=\"445b03b\" data-element_type=\"widget\" data-e-type=\"widget\" data-settings=\"{&quot;youtube_url&quot;:&quot;https:\\\/\\\/www.youtube.com\\\/watch?v=msNGLEfucXY&amp;ab_channel=EgeBa%C4%9Flant%C4%B1SLIDEback&quot;,&quot;video_type&quot;:&quot;youtube&quot;,&quot;controls&quot;:&quot;yes&quot;}\" data-widget_type=\"video.default\">\n\t\t\t\t<div class=\"elementor-widget-container\">\n\t\t\t\t\t\t\t<div class=\"elementor-wrapper elementor-open-inline\">\n\t\t\t<div class=\"elementor-video\"><\/div>\t\t<\/div>\n\t\t\t\t\t\t<\/div>\n\t\t\t\t<\/div>\n\t\t\t\t<div class=\"elementor-element elementor-element-d7f7a64 elementor-widget elementor-widget-heading\" data-id=\"d7f7a64\" data-element_type=\"widget\" data-e-type=\"widget\" data-widget_type=\"heading.default\">\n\t\t\t\t<div class=\"elementor-widget-container\">\n\t\t\t\t\t<h2 class=\"elementor-heading-title elementor-size-default\">Assembly Video<\/h2>\t\t\t\t<\/div>\n\t\t\t\t<\/div>\n\t\t\t\t\t<\/div>\n\t\t\t\t<\/div>\n\t\t<div class=\"elementor-element elementor-element-b383d48 e-flex e-con-boxed e-con e-parent\" data-id=\"b383d48\" data-element_type=\"container\" data-e-type=\"container\">\n\t\t\t\t\t<div class=\"e-con-inner\">\n\t\t<div class=\"elementor-element elementor-element-ea85fb5 e-con-full e-flex e-con e-child\" data-id=\"ea85fb5\" data-element_type=\"container\" data-e-type=\"container\">\n\t\t\t\t<div class=\"elementor-element elementor-element-78c4b26 elementor-widget elementor-widget-video\" data-id=\"78c4b26\" data-element_type=\"widget\" data-e-type=\"widget\" data-settings=\"{&quot;youtube_url&quot;:&quot;https:\\\/\\\/www.youtube.com\\\/watch?v=jQpEN0Q_eCQ&amp;ab_channel=EgeBa%C4%9Flant%C4%B1SLIDEback&quot;,&quot;video_type&quot;:&quot;youtube&quot;,&quot;controls&quot;:&quot;yes&quot;}\" data-widget_type=\"video.default\">\n\t\t\t\t<div class=\"elementor-widget-container\">\n\t\t\t\t\t\t\t<div class=\"elementor-wrapper elementor-open-inline\">\n\t\t\t<div class=\"elementor-video\"><\/div>\t\t<\/div>\n\t\t\t\t\t\t<\/div>\n\t\t\t\t<\/div>\n\t\t\t\t<\/div>\n\t\t<div class=\"elementor-element elementor-element-1833a08 e-con-full e-flex e-con e-child\" data-id=\"1833a08\" data-element_type=\"container\" data-e-type=\"container\">\n\t\t\t\t<div class=\"elementor-element elementor-element-2a0dbf4 elementor-widget elementor-widget-video\" data-id=\"2a0dbf4\" data-element_type=\"widget\" data-e-type=\"widget\" data-settings=\"{&quot;video_type&quot;:&quot;hosted&quot;,&quot;controls&quot;:&quot;yes&quot;}\" data-widget_type=\"video.default\">\n\t\t\t\t<div class=\"elementor-widget-container\">\n\t\t\t\t\t\t\t<div class=\"e-hosted-video elementor-wrapper elementor-open-inline\">\n\t\t\t\t\t<video class=\"elementor-video\" src=\"https:\/\/egebaglanti.com.tr\/wp-content\/uploads\/2024\/11\/WhatsApp-Video-2024-11-22-at-11.42.22.mp4\" controls=\"\" preload=\"metadata\" controlsList=\"nodownload\" poster=\"https:\/\/egebaglanti.com.tr\/wp-content\/uploads\/2024\/11\/Ekran-goruntusu-2024-11-22-141554-4.png\"><\/video>\n\t\t\t\t<\/div>\n\t\t\t\t\t\t<\/div>\n\t\t\t\t<\/div>\n\t\t\t\t<\/div>\n\t\t<div class=\"elementor-element elementor-element-bceb9be e-con-full e-flex e-con e-child\" data-id=\"bceb9be\" data-element_type=\"container\" data-e-type=\"container\">\n\t\t\t\t<div class=\"elementor-element elementor-element-c2758ef elementor-widget elementor-widget-video\" data-id=\"c2758ef\" data-element_type=\"widget\" data-e-type=\"widget\" data-settings=\"{&quot;video_type&quot;:&quot;hosted&quot;,&quot;controls&quot;:&quot;yes&quot;}\" data-widget_type=\"video.default\">\n\t\t\t\t<div class=\"elementor-widget-container\">\n\t\t\t\t\t\t\t<div class=\"e-hosted-video elementor-wrapper elementor-open-inline\">\n\t\t\t\t\t<video class=\"elementor-video\" src=\"https:\/\/egebaglanti.com.tr\/wp-content\/uploads\/2024\/11\/WhatsApp-Video-2024-11-22-at-11.40.17.mp4\" controls=\"\" preload=\"metadata\" controlsList=\"nodownload\" poster=\"https:\/\/egebaglanti.com.tr\/wp-content\/uploads\/2024\/11\/5-Series-SLIDEback-sliding-door-closer.webp\"><\/video>\n\t\t\t\t<\/div>\n\t\t\t\t\t\t<\/div>\n\t\t\t\t<\/div>\n\t\t\t\t<\/div>\n\t\t\t\t\t<\/div>\n\t\t\t\t<\/div>\n\t\t\t\t<\/div>\n\t\t","protected":false},"excerpt":{"rendered":"<p>Slideback Semi-Automatic Door Closing System Ege Kap\u0131 Pencere Ba\u011flant\u0131 Elemanlar\u0131 A.\u015e.\u00a0was established in Izmir in 2004 with the aim of sales and marketing in the door, window, and hardware sector. With the support of prominent brands in its industry, Ege Kap\u0131 has grown to its current position, continuously increasing its<\/p>\n","protected":false},"author":1,"featured_media":0,"parent":0,"menu_order":0,"comment_status":"closed","ping_status":"closed","template":"","meta":{"inline_featured_image":false,"footnotes":""},"class_list":["post-45563","page","type-page","status-publish","hentry"],"_links":{"self":[{"href":"https:\/\/egebaglanti.com.tr\/en\/wp-json\/wp\/v2\/pages\/45563","targetHints":{"allow":["GET"]}}],"collection":[{"href":"https:\/\/egebaglanti.com.tr\/en\/wp-json\/wp\/v2\/pages"}],"about":[{"href":"https:\/\/egebaglanti.com.tr\/en\/wp-json\/wp\/v2\/types\/page"}],"author":[{"embeddable":true,"href":"https:\/\/egebaglanti.com.tr\/en\/wp-json\/wp\/v2\/users\/1"}],"replies":[{"embeddable":true,"href":"https:\/\/egebaglanti.com.tr\/en\/wp-json\/wp\/v2\/comments?post=45563"}],"version-history":[{"count":3,"href":"https:\/\/egebaglanti.com.tr\/en\/wp-json\/wp\/v2\/pages\/45563\/revisions"}],"predecessor-version":[{"id":45567,"href":"https:\/\/egebaglanti.com.tr\/en\/wp-json\/wp\/v2\/pages\/45563\/revisions\/45567"}],"wp:attachment":[{"href":"https:\/\/egebaglanti.com.tr\/en\/wp-json\/wp\/v2\/media?parent=45563"}],"curies":[{"name":"wp","href":"https:\/\/api.w.org\/{rel}","templated":true}]}}