{"id":44653,"date":"2023-10-12T07:13:00","date_gmt":"2023-10-12T04:13:00","guid":{"rendered":"https:\/\/egebaglanti.com.tr\/iletisim\/"},"modified":"2024-12-10T10:11:48","modified_gmt":"2024-12-10T07:11:48","slug":"contact","status":"publish","type":"page","link":"https:\/\/egebaglanti.com.tr\/en\/contact\/","title":{"rendered":"Contact"},"content":{"rendered":"\t\t<div data-elementor-type=\"wp-page\" data-elementor-id=\"44653\" class=\"elementor elementor-44653\" data-elementor-post-type=\"page\">\n\t\t\t\t\t\t<section class=\"elementor-section elementor-top-section elementor-element elementor-element-bc8bc68 elementor-section-boxed elementor-section-height-default elementor-section-height-default\" data-id=\"bc8bc68\" data-element_type=\"section\" data-e-type=\"section\">\n\t\t\t\t\t\t<div class=\"elementor-container elementor-column-gap-default\">\n\t\t\t\t\t<div class=\"elementor-column elementor-col-100 elementor-top-column elementor-element elementor-element-835fafb\" data-id=\"835fafb\" data-element_type=\"column\" data-e-type=\"column\" data-settings=\"{&quot;background_background&quot;:&quot;classic&quot;}\">\n\t\t\t<div class=\"elementor-widget-wrap elementor-element-populated\">\n\t\t\t\t\t\t<div class=\"elementor-element elementor-element-32a2521 elementor-widget elementor-widget-spacer\" data-id=\"32a2521\" data-element_type=\"widget\" data-e-type=\"widget\" data-widget_type=\"spacer.default\">\n\t\t\t\t<div class=\"elementor-widget-container\">\n\t\t\t\t\t\t\t<div class=\"elementor-spacer\">\n\t\t\t<div class=\"elementor-spacer-inner\"><\/div>\n\t\t<\/div>\n\t\t\t\t\t\t<\/div>\n\t\t\t\t<\/div>\n\t\t\t\t<div class=\"elementor-element elementor-element-74cbe18 align-center heading-default elementor-widget elementor-widget-mae-headings\" data-id=\"74cbe18\" data-element_type=\"widget\" data-e-type=\"widget\" data-widget_type=\"mae-headings.default\">\n\t\t\t\t<div class=\"elementor-widget-container\">\n\t\t\t\t\t\t\t<div class=\"master-heading sep-none\">\n\t\t\t\t\t\t\t        \n\t        \n\t        \t        <h2 class=\"main-heading\">Have Questions? <br>Check the FAQs or reach us via the form.\n\n<span class=\"accent-color\">.<\/span><\/h2>\n\t        \n\t        \n\t        \t    <\/div>\n\t    \t\t\t\t<\/div>\n\t\t\t\t<\/div>\n\t\t\t\t<section class=\"elementor-section elementor-inner-section elementor-element elementor-element-9227a04 elementor-section-boxed elementor-section-height-default elementor-section-height-default\" data-id=\"9227a04\" data-element_type=\"section\" data-e-type=\"section\">\n\t\t\t\t\t\t<div class=\"elementor-container elementor-column-gap-default\">\n\t\t\t\t\t<div class=\"elementor-column elementor-col-100 elementor-inner-column elementor-element elementor-element-21bcf90\" data-id=\"21bcf90\" data-element_type=\"column\" data-e-type=\"column\">\n\t\t\t<div class=\"elementor-widget-wrap\">\n\t\t\t\t\t\t\t<\/div>\n\t\t<\/div>\n\t\t\t\t\t<\/div>\n\t\t<\/section>\n\t\t\t\t<section class=\"elementor-section elementor-inner-section elementor-element elementor-element-0c4f7eb elementor-section-content-middle elementor-section-boxed elementor-section-height-default elementor-section-height-default\" data-id=\"0c4f7eb\" data-element_type=\"section\" data-e-type=\"section\">\n\t\t\t\t\t\t<div class=\"elementor-container elementor-column-gap-default\">\n\t\t\t\t\t<div class=\"elementor-column elementor-col-50 elementor-inner-column elementor-element elementor-element-8a99c87\" data-id=\"8a99c87\" data-element_type=\"column\" data-e-type=\"column\" data-settings=\"{&quot;background_background&quot;:&quot;classic&quot;}\">\n\t\t\t<div class=\"elementor-widget-wrap elementor-element-populated\">\n\t\t\t\t\t\t<div class=\"elementor-element elementor-element-0263e4d align-center heading-default elementor-widget elementor-widget-mae-headings\" data-id=\"0263e4d\" data-element_type=\"widget\" data-e-type=\"widget\" data-widget_type=\"mae-headings.default\">\n\t\t\t\t<div class=\"elementor-widget-container\">\n\t\t\t\t\t\t\t<div class=\"master-heading sep-none\">\n\t\t\t\t\t\t\t        \t        \t<div class=\"pre-heading\"><span class=\"line\"><span class=\"inner\"><\/span><\/span>ASK US NOW<\/div>\n\t        \n\t        \n\t        \t        <h2 class=\"main-heading\">Contact Form<\/h2>\n\t        \n\t        \n\t        \t    <\/div>\n\t    \t\t\t\t<\/div>\n\t\t\t\t<\/div>\n\t\t\t\t<div class=\"elementor-element elementor-element-6fc855c elementor-widget-divider--view-line elementor-widget elementor-widget-divider\" data-id=\"6fc855c\" data-element_type=\"widget\" data-e-type=\"widget\" data-widget_type=\"divider.default\">\n\t\t\t\t<div class=\"elementor-widget-container\">\n\t\t\t\t\t\t\t<div class=\"elementor-divider\">\n\t\t\t<span class=\"elementor-divider-separator\">\n\t\t\t\t\t\t<\/span>\n\t\t<\/div>\n\t\t\t\t\t\t<\/div>\n\t\t\t\t<\/div>\n\t\t\t\t<div class=\"elementor-element elementor-element-3b61b0a align-right elementor-widget elementor-widget-mae-contact-form-7\" data-id=\"3b61b0a\" data-element_type=\"widget\" data-e-type=\"widget\" data-widget_type=\"mae-contact-form-7.default\">\n\t\t\t\t<div class=\"elementor-widget-container\">\n\t\t\t\t\t<div class=\"elementor-shortcode master-cf7 master-cf7-0\" data-thumb-size=\"\">\n<div class=\"wpcf7 no-js\" id=\"wpcf7-f44663-o1\" lang=\"en-US\" dir=\"ltr\" data-wpcf7-id=\"44663\">\n<div class=\"screen-reader-response\"><p role=\"status\" aria-live=\"polite\" aria-atomic=\"true\"><\/p> <ul><\/ul><\/div>\n<form action=\"\/en\/wp-json\/wp\/v2\/pages\/44653#wpcf7-f44663-o1\" method=\"post\" class=\"wpcf7-form init\" aria-label=\"Contact form\" novalidate=\"novalidate\" data-status=\"init\">\n<div style=\"display: none;\">\n<input type=\"hidden\" name=\"_wpcf7\" value=\"44663\" \/>\n<input type=\"hidden\" name=\"_wpcf7_version\" value=\"6.0.6\" \/>\n<input type=\"hidden\" name=\"_wpcf7_locale\" value=\"en_US\" \/>\n<input type=\"hidden\" name=\"_wpcf7_unit_tag\" value=\"wpcf7-f44663-o1\" \/>\n<input type=\"hidden\" name=\"_wpcf7_container_post\" value=\"0\" \/>\n<input type=\"hidden\" name=\"_wpcf7_posted_data_hash\" value=\"\" \/>\n<\/div>\n<span class=\"wpcf7-form-control-wrap\" data-name=\"your-name\"><input size=\"40\" maxlength=\"400\" class=\"wpcf7-form-control wpcf7-text wpcf7-validates-as-required\" autocomplete=\"name\" aria-required=\"true\" aria-invalid=\"false\" placeholder=\"Name Surname\" value=\"\" type=\"text\" name=\"your-name\" \/><\/span>\n<span class=\"wpcf7-form-control-wrap\" data-name=\"your-email\"><input size=\"40\" maxlength=\"400\" class=\"wpcf7-form-control wpcf7-email wpcf7-validates-as-required wpcf7-text wpcf7-validates-as-email\" autocomplete=\"email\" aria-required=\"true\" aria-invalid=\"false\" placeholder=\"Email\" value=\"\" type=\"email\" name=\"your-email\" \/><\/span>\n<span class=\"wpcf7-form-control-wrap\" data-name=\"tel-453\"><input size=\"40\" maxlength=\"400\" class=\"wpcf7-form-control wpcf7-tel wpcf7-validates-as-required wpcf7-text wpcf7-validates-as-tel\" aria-required=\"true\" aria-invalid=\"false\" placeholder=\"Phone\" value=\"\" type=\"tel\" name=\"tel-453\" \/><\/span>\n<span class=\"wpcf7-form-control-wrap\" data-name=\"your-message\"><textarea cols=\"40\" rows=\"10\" maxlength=\"2000\" class=\"wpcf7-form-control wpcf7-textarea wpcf7-validates-as-required\" aria-required=\"true\" aria-invalid=\"false\" placeholder=\"Message\" name=\"your-message\"><\/textarea><\/span>\n<input class=\"wpcf7-form-control wpcf7-submit has-spinner\" type=\"submit\" value=\"Send\" \/><div class=\"wpcf7-response-output\" aria-hidden=\"true\"><\/div>\n<\/form>\n<\/div>\n<\/div>\t\t\t\t<\/div>\n\t\t\t\t<\/div>\n\t\t\t\t\t<\/div>\n\t\t<\/div>\n\t\t\t\t<div class=\"elementor-column elementor-col-50 elementor-inner-column elementor-element elementor-element-00c0766\" data-id=\"00c0766\" data-element_type=\"column\" data-e-type=\"column\">\n\t\t\t<div class=\"elementor-widget-wrap elementor-element-populated\">\n\t\t\t\t\t\t<div class=\"elementor-element elementor-element-9492106 btn-arrow accordion-style-1 arrow-right elementor-widget elementor-widget-mae-accordion\" data-id=\"9492106\" data-element_type=\"widget\" data-e-type=\"widget\" data-widget_type=\"mae-accordion.default\">\n\t\t\t\t<div class=\"elementor-widget-container\">\n\t\t\t\t\t\n\t\t<div class=\"master-accordions\">\n\t\t\t\t\t\t\t\t\t\t\t<div class=\"item elementor-repeater-item-f035d32 active\">\n\t\t\t\t\t<div class=\"title\">\n\t\t\t\t\t\t<div class=\"arrow\"><\/div>\n\t\t\t\t\t\t<h3>Do you provide emergency technical support? <\/h3>\n\t\t\t\t\t<\/div>\n\n\t\t\t\t\t<div class=\"content\">\n\t\t\t\t\t\t<p>Yes, we provide 24\/7 technical support for emergencies. When you contact us regarding your issue, we promptly act to resolve it.<\/p>\t\t\t\t\t<\/div>\n\t\t\t\t<\/div>\n\t\t\t\t\t\t\t\t\t\t\t<div class=\"item elementor-repeater-item-68da2c0\">\n\t\t\t\t\t<div class=\"title\">\n\t\t\t\t\t\t<div class=\"arrow\"><\/div>\n\t\t\t\t\t\t<h3>How can I get a quote? <\/h3>\n\t\t\t\t\t<\/div>\n\n\t\t\t\t\t<div class=\"content\">\n\t\t\t\t\t\t<p>To get a quote, fill out the contact form on our website or contact us directly by phone. After specifying your needs, we will promptly respond with a detailed offer.<\/p>\t\t\t\t\t<\/div>\n\t\t\t\t<\/div>\n\t\t\t\t\t\t\t\t\t\t\t<div class=\"item elementor-repeater-item-226bdb0\">\n\t\t\t\t\t<div class=\"title\">\n\t\t\t\t\t\t<div class=\"arrow\"><\/div>\n\t\t\t\t\t\t<h3>What is included in your product range? <\/h3>\n\t\t\t\t\t<\/div>\n\n\t\t\t\t\t<div class=\"content\">\n\t\t\t\t\t\t<p data-sourcepos=\"15:1-15:132\">Our product range includes all essential fittings and accessories for door and window systems. Some examples include: Hinges Handles Locks Barrels Latches Seals<\/p>\t\t\t\t\t<\/div>\n\t\t\t\t<\/div>\n\t\t\t\t\t\t\t\t\t\t\t<div class=\"item elementor-repeater-item-3ad3b4e\">\n\t\t\t\t\t<div class=\"title\">\n\t\t\t\t\t\t<div class=\"arrow\"><\/div>\n\t\t\t\t\t\t<h3>Where is Ege Connection located?<\/h3>\n\t\t\t\t\t<\/div>\n\n\t\t\t\t\t<div class=\"content\">\n\t\t\t\t\t\t<p data-sourcepos=\"27:1-27:146\">Ege Ba\u011flant\u0131 is located in Menderes, \u0130zmir. Our address is as follows: H\u00fcrriyet Mahallesi S\u00fcleyman Demirel Boulevard 18A\/26 Menderes \/ \u0130zmir.<\/p>\t\t\t\t\t<\/div>\n\t\t\t\t<\/div>\n\t\t\t\t    <\/div>\n\n\t    \t\t\t\t<\/div>\n\t\t\t\t<\/div>\n\t\t\t\t\t<\/div>\n\t\t<\/div>\n\t\t\t\t\t<\/div>\n\t\t<\/section>\n\t\t\t\t<div class=\"elementor-element elementor-element-229a4ad elementor-widget elementor-widget-spacer\" data-id=\"229a4ad\" data-element_type=\"widget\" data-e-type=\"widget\" data-widget_type=\"spacer.default\">\n\t\t\t\t<div class=\"elementor-widget-container\">\n\t\t\t\t\t\t\t<div class=\"elementor-spacer\">\n\t\t\t<div class=\"elementor-spacer-inner\"><\/div>\n\t\t<\/div>\n\t\t\t\t\t\t<\/div>\n\t\t\t\t<\/div>\n\t\t\t\t\t<\/div>\n\t\t<\/div>\n\t\t\t\t\t<\/div>\n\t\t<\/section>\n\t\t<div class=\"elementor-element elementor-element-b275cd9 e-con-full e-flex e-con e-parent\" data-id=\"b275cd9\" data-element_type=\"container\" data-e-type=\"container\">\n\t\t\t\t<div class=\"elementor-element elementor-element-8692a76 elementor-widget elementor-widget-google_maps\" data-id=\"8692a76\" data-element_type=\"widget\" data-e-type=\"widget\" data-widget_type=\"google_maps.default\">\n\t\t\t\t<div class=\"elementor-widget-container\">\n\t\t\t\t\t\t\t<div class=\"elementor-custom-embed\">\n\t\t\t<iframe loading=\"lazy\"\n\t\t\t\t\tsrc=\"https:\/\/maps.google.com\/maps?q=Ege%20Kap%C4%B1%20Ba%C4%9Flant%C4%B1%20Elemanlar%C4%B1&#038;t=m&#038;z=12&#038;output=embed&#038;iwloc=near\"\n\t\t\t\t\ttitle=\"Ege Kap\u0131 Ba\u011flant\u0131 Elemanlar\u0131\"\n\t\t\t\t\taria-label=\"Ege Kap\u0131 Ba\u011flant\u0131 Elemanlar\u0131\"\n\t\t\t><\/iframe>\n\t\t<\/div>\n\t\t\t\t\t\t<\/div>\n\t\t\t\t<\/div>\n\t\t\t\t<\/div>\n\t\t\t\t<section class=\"elementor-section elementor-top-section elementor-element elementor-element-d79390f elementor-section-boxed elementor-section-height-default elementor-section-height-default\" data-id=\"d79390f\" data-element_type=\"section\" data-e-type=\"section\">\n\t\t\t\t\t\t<div class=\"elementor-container elementor-column-gap-default\">\n\t\t\t\t\t<div class=\"elementor-column elementor-col-100 elementor-top-column elementor-element elementor-element-e087bf9\" data-id=\"e087bf9\" data-element_type=\"column\" data-e-type=\"column\" data-settings=\"{&quot;background_background&quot;:&quot;classic&quot;}\">\n\t\t\t<div class=\"elementor-widget-wrap elementor-element-populated\">\n\t\t\t\t\t\t<div class=\"elementor-element elementor-element-fa08c71 image-width-auto elementor-widget elementor-widget-mae-gallery-stack\" data-id=\"fa08c71\" data-element_type=\"widget\" data-e-type=\"widget\" data-widget_type=\"mae-gallery-stack.default\">\n\t\t\t\t<div class=\"elementor-widget-container\">\n\t\t\t\t\t\t\t<div class=\"master-gallery-stack\">\n\t\t\t\t\t<\/div>\n\t    \t\t\t\t<\/div>\n\t\t\t\t<\/div>\n\t\t\t\t<div class=\"elementor-element elementor-element-af3f1b3 elementor-widget elementor-widget-spacer\" data-id=\"af3f1b3\" data-element_type=\"widget\" data-e-type=\"widget\" data-widget_type=\"spacer.default\">\n\t\t\t\t<div class=\"elementor-widget-container\">\n\t\t\t\t\t\t\t<div class=\"elementor-spacer\">\n\t\t\t<div class=\"elementor-spacer-inner\"><\/div>\n\t\t<\/div>\n\t\t\t\t\t\t<\/div>\n\t\t\t\t<\/div>\n\t\t\t\t<section class=\"elementor-section elementor-inner-section elementor-element elementor-element-5ef01a2 elementor-section-boxed elementor-section-height-default elementor-section-height-default\" data-id=\"5ef01a2\" data-element_type=\"section\" data-e-type=\"section\">\n\t\t\t\t\t\t<div class=\"elementor-container elementor-column-gap-default\">\n\t\t\t\t\t<div class=\"elementor-column elementor-col-100 elementor-inner-column elementor-element elementor-element-b047348\" data-id=\"b047348\" data-element_type=\"column\" data-e-type=\"column\">\n\t\t\t<div class=\"elementor-widget-wrap elementor-element-populated\">\n\t\t\t\t\t\t<div class=\"elementor-element elementor-element-8743ded align-center heading-default elementor-widget elementor-widget-mae-headings\" data-id=\"8743ded\" data-element_type=\"widget\" data-e-type=\"widget\" data-widget_type=\"mae-headings.default\">\n\t\t\t\t<div class=\"elementor-widget-container\">\n\t\t\t\t\t\t\t<div class=\"master-heading sep-none\">\n\t\t\t\t\t\t\t        \n\t        \n\t        \t        <h2 class=\"main-heading\">A Company Shaping the Industry with 21 Years of Experience.\n\n<span class=\"accent-color\">.<\/span><\/h2>\n\t        \n\t        \n\t        \t    <\/div>\n\t    \t\t\t\t<\/div>\n\t\t\t\t<\/div>\n\t\t\t\t\t<\/div>\n\t\t<\/div>\n\t\t\t\t\t<\/div>\n\t\t<\/section>\n\t\t\t\t<section class=\"elementor-section elementor-inner-section elementor-element elementor-element-7ba0bc9 elementor-section-boxed elementor-section-height-default elementor-section-height-default\" data-id=\"7ba0bc9\" data-element_type=\"section\" data-e-type=\"section\">\n\t\t\t\t\t\t<div class=\"elementor-container elementor-column-gap-default\">\n\t\t\t\t\t<div class=\"elementor-column elementor-col-25 elementor-inner-column elementor-element elementor-element-a88708a\" data-id=\"a88708a\" data-element_type=\"column\" data-e-type=\"column\">\n\t\t\t<div class=\"elementor-widget-wrap elementor-element-populated\">\n\t\t\t\t\t\t<div class=\"elementor-element elementor-element-67f1476 align-center e-transform line-hover icon-box-default icon-position-top elementor-widget elementor-widget-mae-icon-box\" data-id=\"67f1476\" data-element_type=\"widget\" data-e-type=\"widget\" data-settings=\"{&quot;_transform_translateY_effect_hover&quot;:{&quot;unit&quot;:&quot;px&quot;,&quot;size&quot;:-10,&quot;sizes&quot;:[]},&quot;_transform_translateX_effect_hover&quot;:{&quot;unit&quot;:&quot;px&quot;,&quot;size&quot;:&quot;&quot;,&quot;sizes&quot;:[]},&quot;_transform_translateX_effect_hover_tablet&quot;:{&quot;unit&quot;:&quot;px&quot;,&quot;size&quot;:&quot;&quot;,&quot;sizes&quot;:[]},&quot;_transform_translateX_effect_hover_mobile&quot;:{&quot;unit&quot;:&quot;px&quot;,&quot;size&quot;:&quot;&quot;,&quot;sizes&quot;:[]},&quot;_transform_translateY_effect_hover_tablet&quot;:{&quot;unit&quot;:&quot;px&quot;,&quot;size&quot;:&quot;&quot;,&quot;sizes&quot;:[]},&quot;_transform_translateY_effect_hover_mobile&quot;:{&quot;unit&quot;:&quot;px&quot;,&quot;size&quot;:&quot;&quot;,&quot;sizes&quot;:[]}}\" data-widget_type=\"mae-icon-box.default\">\n\t\t\t\t<div class=\"elementor-widget-container\">\n\t\t\t\t\t                <div class=\"master-icon-box\" >\n                        \n            <div class=\"inner\">\n                <div class=\"icon-wrap\"><div class=\"master-icon\"><\/div><\/div>\n                <div class=\"text-wrap\">\n                    <h2 class=\"headline-2\">Phone<\/h2><div class=\"desc\">+90 232 472 17 46<br>\n+90 232 472 22 67<\/div>            <div class=\"url-wrap\">\n                <a class=\"master-link  icon-none\" href=\"tel:+90%20232%20472%2017%2046\">\n                                        <span>Call Now<\/span>\n                                    <\/a>\n            <\/div>\n\n                            <\/div>\n            <\/div>\n\n            <div class=\"bg-static\"><\/div>        <\/div>\n        \t\t\t\t<\/div>\n\t\t\t\t<\/div>\n\t\t\t\t\t<\/div>\n\t\t<\/div>\n\t\t\t\t<div class=\"elementor-column elementor-col-25 elementor-inner-column elementor-element elementor-element-cff3560\" data-id=\"cff3560\" data-element_type=\"column\" data-e-type=\"column\">\n\t\t\t<div class=\"elementor-widget-wrap elementor-element-populated\">\n\t\t\t\t\t\t<div class=\"elementor-element elementor-element-6baa9d8 align-center e-transform line-hover icon-box-default icon-position-top elementor-widget elementor-widget-mae-icon-box\" data-id=\"6baa9d8\" data-element_type=\"widget\" data-e-type=\"widget\" data-settings=\"{&quot;_transform_translateY_effect_hover&quot;:{&quot;unit&quot;:&quot;px&quot;,&quot;size&quot;:-10,&quot;sizes&quot;:[]},&quot;_transform_translateX_effect_hover&quot;:{&quot;unit&quot;:&quot;px&quot;,&quot;size&quot;:&quot;&quot;,&quot;sizes&quot;:[]},&quot;_transform_translateX_effect_hover_tablet&quot;:{&quot;unit&quot;:&quot;px&quot;,&quot;size&quot;:&quot;&quot;,&quot;sizes&quot;:[]},&quot;_transform_translateX_effect_hover_mobile&quot;:{&quot;unit&quot;:&quot;px&quot;,&quot;size&quot;:&quot;&quot;,&quot;sizes&quot;:[]},&quot;_transform_translateY_effect_hover_tablet&quot;:{&quot;unit&quot;:&quot;px&quot;,&quot;size&quot;:&quot;&quot;,&quot;sizes&quot;:[]},&quot;_transform_translateY_effect_hover_mobile&quot;:{&quot;unit&quot;:&quot;px&quot;,&quot;size&quot;:&quot;&quot;,&quot;sizes&quot;:[]}}\" data-widget_type=\"mae-icon-box.default\">\n\t\t\t\t<div class=\"elementor-widget-container\">\n\t\t\t\t\t                <div class=\"master-icon-box\" >\n                        \n            <div class=\"inner\">\n                <div class=\"icon-wrap\"><div class=\"master-icon\"><\/div><\/div>\n                <div class=\"text-wrap\">\n                    <h2 class=\"headline-2\">Address<\/h2><div class=\"desc\">G\u00f6rece H\u00fcrriyet Mah.S\u00fcleyman Demirel BLV. 18A D:26 35473 \u0130ZDEP-Menderes\/\u0130ZM\u0130R<\/div>            <div class=\"url-wrap\">\n                <a class=\"master-link  icon-none\" href=\"https:\/\/www.google.com\/maps\/place\/Ege+Kap%C4%B1+Pencere+Ba%C4%9Flanti+Elemanlar%C4%B1+Tic.A.%C5%9E\/@38.2851077,27.1383192,869m\/data=!3m2!1e3!4b1!4m6!3m5!1s0x14b96327ad4baf19:0x5e1c22d39ccf6394!8m2!3d38.2851077!4d27.1408941!16s%2Fg%2F11c50qwsxy?entry=ttu&#038;g_ep=EgoyMDI0MTAyMy4wIKXMDSoASAFQAw%3D%3D\">\n                                        <span>View Map<\/span>\n                                    <\/a>\n            <\/div>\n\n                            <\/div>\n            <\/div>\n\n            <div class=\"bg-static\"><\/div>        <\/div>\n        \t\t\t\t<\/div>\n\t\t\t\t<\/div>\n\t\t\t\t\t<\/div>\n\t\t<\/div>\n\t\t\t\t<div class=\"elementor-column elementor-col-25 elementor-inner-column elementor-element elementor-element-f46380a\" data-id=\"f46380a\" data-element_type=\"column\" data-e-type=\"column\">\n\t\t\t<div class=\"elementor-widget-wrap elementor-element-populated\">\n\t\t\t\t\t\t<div class=\"elementor-element elementor-element-de971c8 align-center e-transform line-hover icon-box-default icon-position-top elementor-widget elementor-widget-mae-icon-box\" data-id=\"de971c8\" data-element_type=\"widget\" data-e-type=\"widget\" data-settings=\"{&quot;_transform_translateY_effect_hover&quot;:{&quot;unit&quot;:&quot;px&quot;,&quot;size&quot;:-10,&quot;sizes&quot;:[]},&quot;_transform_translateX_effect_hover&quot;:{&quot;unit&quot;:&quot;px&quot;,&quot;size&quot;:&quot;&quot;,&quot;sizes&quot;:[]},&quot;_transform_translateX_effect_hover_tablet&quot;:{&quot;unit&quot;:&quot;px&quot;,&quot;size&quot;:&quot;&quot;,&quot;sizes&quot;:[]},&quot;_transform_translateX_effect_hover_mobile&quot;:{&quot;unit&quot;:&quot;px&quot;,&quot;size&quot;:&quot;&quot;,&quot;sizes&quot;:[]},&quot;_transform_translateY_effect_hover_tablet&quot;:{&quot;unit&quot;:&quot;px&quot;,&quot;size&quot;:&quot;&quot;,&quot;sizes&quot;:[]},&quot;_transform_translateY_effect_hover_mobile&quot;:{&quot;unit&quot;:&quot;px&quot;,&quot;size&quot;:&quot;&quot;,&quot;sizes&quot;:[]}}\" data-widget_type=\"mae-icon-box.default\">\n\t\t\t\t<div class=\"elementor-widget-container\">\n\t\t\t\t\t                <div class=\"master-icon-box\" >\n                        \n            <div class=\"inner\">\n                <div class=\"icon-wrap\"><div class=\"master-icon\"><\/div><\/div>\n                <div class=\"text-wrap\">\n                    <h2 class=\"headline-2\">Email<\/h2><div class=\"desc\">info@egebaglanti.com.tr<\/div>            <div class=\"url-wrap\">\n                <a class=\"master-link  icon-none\" href=\"mailto:info@egebaglanti.com.tr\">\n                                        <span>Send Mail<\/span>\n                                    <\/a>\n            <\/div>\n\n                            <\/div>\n            <\/div>\n\n            <div class=\"bg-static\"><\/div>        <\/div>\n        \t\t\t\t<\/div>\n\t\t\t\t<\/div>\n\t\t\t\t\t<\/div>\n\t\t<\/div>\n\t\t\t\t<div class=\"elementor-column elementor-col-25 elementor-inner-column elementor-element elementor-element-0660a65\" data-id=\"0660a65\" data-element_type=\"column\" data-e-type=\"column\">\n\t\t\t<div class=\"elementor-widget-wrap elementor-element-populated\">\n\t\t\t\t\t\t<div class=\"elementor-element elementor-element-74754b5 align-center e-transform line-hover icon-box-default icon-position-top elementor-widget elementor-widget-mae-icon-box\" data-id=\"74754b5\" data-element_type=\"widget\" data-e-type=\"widget\" data-settings=\"{&quot;_transform_translateY_effect_hover&quot;:{&quot;unit&quot;:&quot;px&quot;,&quot;size&quot;:-10,&quot;sizes&quot;:[]},&quot;_transform_translateX_effect_hover&quot;:{&quot;unit&quot;:&quot;px&quot;,&quot;size&quot;:&quot;&quot;,&quot;sizes&quot;:[]},&quot;_transform_translateX_effect_hover_tablet&quot;:{&quot;unit&quot;:&quot;px&quot;,&quot;size&quot;:&quot;&quot;,&quot;sizes&quot;:[]},&quot;_transform_translateX_effect_hover_mobile&quot;:{&quot;unit&quot;:&quot;px&quot;,&quot;size&quot;:&quot;&quot;,&quot;sizes&quot;:[]},&quot;_transform_translateY_effect_hover_tablet&quot;:{&quot;unit&quot;:&quot;px&quot;,&quot;size&quot;:&quot;&quot;,&quot;sizes&quot;:[]},&quot;_transform_translateY_effect_hover_mobile&quot;:{&quot;unit&quot;:&quot;px&quot;,&quot;size&quot;:&quot;&quot;,&quot;sizes&quot;:[]}}\" data-widget_type=\"mae-icon-box.default\">\n\t\t\t\t<div class=\"elementor-widget-container\">\n\t\t\t\t\t                <div class=\"master-icon-box\" >\n                        \n            <div class=\"inner\">\n                <div class=\"icon-wrap\"><div class=\"master-icon\"><\/div><\/div>\n                <div class=\"text-wrap\">\n                    <h2 class=\"headline-2\">Human Resources<\/h2><div class=\"desc\">Would you like to join the Ege Connection family?\n\n\n\n\n\n\n<\/div>            <div class=\"url-wrap\">\n                <a class=\"master-link  icon-none\" href=\"\/en\/human-resources\">\n                                        <span>HR Form<\/span>\n                                    <\/a>\n            <\/div>\n\n                            <\/div>\n            <\/div>\n\n            <div class=\"bg-static\"><\/div>        <\/div>\n        \t\t\t\t<\/div>\n\t\t\t\t<\/div>\n\t\t\t\t\t<\/div>\n\t\t<\/div>\n\t\t\t\t\t<\/div>\n\t\t<\/section>\n\t\t\t\t<div class=\"elementor-element elementor-element-505e8a4 elementor-widget elementor-widget-spacer\" data-id=\"505e8a4\" data-element_type=\"widget\" data-e-type=\"widget\" data-widget_type=\"spacer.default\">\n\t\t\t\t<div class=\"elementor-widget-container\">\n\t\t\t\t\t\t\t<div class=\"elementor-spacer\">\n\t\t\t<div class=\"elementor-spacer-inner\"><\/div>\n\t\t<\/div>\n\t\t\t\t\t\t<\/div>\n\t\t\t\t<\/div>\n\t\t\t\t\t<\/div>\n\t\t<\/div>\n\t\t\t\t\t<\/div>\n\t\t<\/section>\n\t\t\t\t<\/div>\n\t\t","protected":false},"excerpt":{"rendered":"<p>Have Questions? Check the FAQs or reach us via the form. . ASK US NOW Contact Form Do you provide emergency technical support? Yes, we provide 24\/7 technical support for emergencies. When you contact us regarding your issue, we promptly act to resolve it. How can I get a quote?<\/p>\n","protected":false},"author":1,"featured_media":0,"parent":0,"menu_order":0,"comment_status":"closed","ping_status":"closed","template":"","meta":{"inline_featured_image":false,"footnotes":""},"class_list":["post-44653","page","type-page","status-publish","hentry"],"_links":{"self":[{"href":"https:\/\/egebaglanti.com.tr\/en\/wp-json\/wp\/v2\/pages\/44653","targetHints":{"allow":["GET"]}}],"collection":[{"href":"https:\/\/egebaglanti.com.tr\/en\/wp-json\/wp\/v2\/pages"}],"about":[{"href":"https:\/\/egebaglanti.com.tr\/en\/wp-json\/wp\/v2\/types\/page"}],"author":[{"embeddable":true,"href":"https:\/\/egebaglanti.com.tr\/en\/wp-json\/wp\/v2\/users\/1"}],"replies":[{"embeddable":true,"href":"https:\/\/egebaglanti.com.tr\/en\/wp-json\/wp\/v2\/comments?post=44653"}],"version-history":[{"count":16,"href":"https:\/\/egebaglanti.com.tr\/en\/wp-json\/wp\/v2\/pages\/44653\/revisions"}],"predecessor-version":[{"id":46378,"href":"https:\/\/egebaglanti.com.tr\/en\/wp-json\/wp\/v2\/pages\/44653\/revisions\/46378"}],"wp:attachment":[{"href":"https:\/\/egebaglanti.com.tr\/en\/wp-json\/wp\/v2\/media?parent=44653"}],"curies":[{"name":"wp","href":"https:\/\/api.w.org\/{rel}","templated":true}]}}